{"id":83,"date":"2026-03-19T17:02:46","date_gmt":"2026-03-19T17:02:46","guid":{"rendered":"https:\/\/psychomotricite-educationsomatique.fr\/?page_id=83"},"modified":"2026-04-03T15:45:02","modified_gmt":"2026-04-03T15:45:02","slug":"mes-accompagnements","status":"publish","type":"page","link":"https:\/\/psychomotricite-educationsomatique.fr\/index.php\/mes-accompagnements\/","title":{"rendered":"S\u00e9ances de psychomotricit\u00e9"},"content":{"rendered":"\t\t<div data-elementor-type=\"wp-page\" data-elementor-id=\"83\" class=\"elementor elementor-83\">\n\t\t\t\t<div class=\"elementor-element elementor-element-33874ce e-flex e-con-boxed wpr-particle-no wpr-jarallax-no wpr-parallax-no wpr-sticky-section-no e-con e-parent\" data-id=\"33874ce\" data-element_type=\"container\" data-e-type=\"container\">\n\t\t\t\t\t<div class=\"e-con-inner\">\n\t\t\t\t<div class=\"elementor-element elementor-element-1426a5d elementor-widget elementor-widget-heading\" data-id=\"1426a5d\" data-element_type=\"widget\" data-e-type=\"widget\" data-widget_type=\"heading.default\">\n\t\t\t\t\t<h2 class=\"elementor-heading-title elementor-size-default\">Accompagnement psychomoteur \u00e0 vis\u00e9e th\u00e9rapeutique et r\u00e9\u00e9ducative<\/h2>\t\t\t\t<\/div>\n\t\t\t\t\t<\/div>\n\t\t\t\t<\/div>\n\t\t<div class=\"elementor-element elementor-element-d768cd0 e-flex e-con-boxed wpr-particle-no wpr-jarallax-no wpr-parallax-no wpr-sticky-section-no e-con e-parent\" data-id=\"d768cd0\" data-element_type=\"container\" data-e-type=\"container\">\n\t\t\t\t\t<div class=\"e-con-inner\">\n\t\t\t\t<div class=\"elementor-element elementor-element-7af38f7 elementor-widget elementor-widget-image\" data-id=\"7af38f7\" data-element_type=\"widget\" data-e-type=\"widget\" data-widget_type=\"image.default\">\n\t\t\t\t\t\t\t\t\t\t\t\t\t\t\t<img fetchpriority=\"high\" decoding=\"async\" width=\"1024\" height=\"473\" src=\"https:\/\/psychomotricite-educationsomatique.fr\/wp-content\/uploads\/2026\/03\/PHOTO-2026-03-15-17-48-30-1-1024x473.jpg\" class=\"attachment-large size-large wp-image-105\" alt=\"\" srcset=\"https:\/\/psychomotricite-educationsomatique.fr\/wp-content\/uploads\/2026\/03\/PHOTO-2026-03-15-17-48-30-1-1024x473.jpg 1024w, https:\/\/psychomotricite-educationsomatique.fr\/wp-content\/uploads\/2026\/03\/PHOTO-2026-03-15-17-48-30-1-300x139.jpg 300w, https:\/\/psychomotricite-educationsomatique.fr\/wp-content\/uploads\/2026\/03\/PHOTO-2026-03-15-17-48-30-1-768x355.jpg 768w, https:\/\/psychomotricite-educationsomatique.fr\/wp-content\/uploads\/2026\/03\/PHOTO-2026-03-15-17-48-30-1-1536x709.jpg 1536w, https:\/\/psychomotricite-educationsomatique.fr\/wp-content\/uploads\/2026\/03\/PHOTO-2026-03-15-17-48-30-1.jpg 1600w\" sizes=\"(max-width: 1024px) 100vw, 1024px\" \/>\t\t\t\t\t\t\t\t\t\t\t\t\t\t\t<\/div>\n\t\t\t\t<div class=\"elementor-element elementor-element-abb6353 elementor-widget__width-initial elementor-widget elementor-widget-text-editor\" data-id=\"abb6353\" data-element_type=\"widget\" data-e-type=\"widget\" data-widget_type=\"text-editor.default\">\n\t\t\t\t\t\t\t\t\t<p>Cet accompagnementa un double objectif :<\/p><ul><li>R\u00e9\u00e9ducatif\u00a0: pour r\u00e9\u00e9duquer les fonctions motrices<\/li><li>Th\u00e9rapeutique : pour que la personne soit mieux dans son corps<\/li><\/ul><p><strong>Pour quelles probl\u00e9matiques et pour qui ?<\/strong><\/p><p>Cet accompagnement peut \u00eatre activ\u00e9 \u00e0 tous les \u00e2ges de la vie, en fonction des probl\u00e9matiques.<\/p><p><span style=\"font-style: inherit; font-weight: inherit;\"><strong>Pour le b\u00e9b\u00e9<\/strong> : dans les cas de pr\u00e9maturit\u00e9, retards psychomoteurs, difficult\u00e9 de r\u00e9gulation tonique (hypertonicit\u00e9, hypotonicit\u00e9), en cas de suspicion de troubles neurod\u00e9veloppementaux (adress\u00e9 par le m\u00e9decin).<\/span><\/p><p>Je suis r\u00e9f\u00e9renc\u00e9e par le parcours COCON.<\/p><p>\u00a0<\/p>\t\t\t\t\t\t\t\t<\/div>\n\t\t\t\t<div class=\"elementor-element elementor-element-63faa77 elementor-widget elementor-widget-button\" data-id=\"63faa77\" data-element_type=\"widget\" data-e-type=\"widget\" data-widget_type=\"button.default\">\n\t\t\t\t\t\t\t\t\t\t<a class=\"elementor-button elementor-button-link elementor-size-sm\" href=\"https:\/\/www.reseauperinatmed.fr\/parcours-COCON,1689.html\">\n\t\t\t\t\t\t<span class=\"elementor-button-content-wrapper\">\n\t\t\t\t\t\t\t\t\t<span class=\"elementor-button-text\">En savoir plus sur le parcours COCON<\/span>\n\t\t\t\t\t<\/span>\n\t\t\t\t\t<\/a>\n\t\t\t\t\t\t\t\t<\/div>\n\t\t\t\t\t<\/div>\n\t\t\t\t<\/div>\n\t\t<div class=\"elementor-element elementor-element-473ba80 e-flex e-con-boxed wpr-particle-no wpr-jarallax-no wpr-parallax-no wpr-sticky-section-no e-con e-parent\" data-id=\"473ba80\" data-element_type=\"container\" data-e-type=\"container\">\n\t\t\t\t\t<div class=\"e-con-inner\">\n\t\t\t\t<div class=\"elementor-element elementor-element-ff80f0d elementor-widget elementor-widget-text-editor\" data-id=\"ff80f0d\" data-element_type=\"widget\" data-e-type=\"widget\" data-widget_type=\"text-editor.default\">\n\t\t\t\t\t\t\t\t\t<p>R\u00e9seau plateforme coordination orientation 0 \u2013 6 ans et 7 -12 ans<\/p><p><a href=\"https:\/\/www.paca.ars.sante.fr\/les-plateformes-de-coordination-et-dorientation-pco\">https:\/\/www.paca.ars.sante.fr\/les-plateformes-de-coordination-et-dorientation-pco<\/a><\/p><p>Enfants\/ Adolescents\u00a0: difficult\u00e9s motrices fines (\u00e9criture) et globales, agitation motrice, difficult\u00e9s d\u2019attention et\/ou de r\u00e9gulation \u00e9motionnelle, troubles du spectre autistique, TDAH, troubles des coordinations (anciennement dyspraxie), troubles du sch\u00e9ma corporel, difficult\u00e9s li\u00e9es \u00e0 l\u2019image du corps<\/p><p>Pour les enfants reconnus par la MPDH\u00a0: AEH compl\u00e9mentaire<\/p><p>Adultes\u00a0: anxi\u00e9t\u00e9 stress, troubles cognitifs, troubles des coordination, troubles du spectre autistique,<\/p><p>Personnes \u00e2g\u00e9es\u00a0: craintes corporelles, appr\u00e9hension de la chute, troubles de l\u2019\u00e9quilibre, difficult\u00e9s li\u00e9es au sch\u00e9ma corporel<\/p>\t\t\t\t\t\t\t\t<\/div>\n\t\t\t\t\t<\/div>\n\t\t\t\t<\/div>\n\t\t<div class=\"elementor-element elementor-element-0caae63 e-flex e-con-boxed wpr-particle-no wpr-jarallax-no wpr-parallax-no wpr-sticky-section-no e-con e-parent\" data-id=\"0caae63\" data-element_type=\"container\" data-e-type=\"container\">\n\t\t\t\t\t<div class=\"e-con-inner\">\n\t\t<div class=\"elementor-element elementor-element-0e04eef e-con-full e-flex wpr-particle-no wpr-jarallax-no wpr-parallax-no wpr-sticky-section-no e-con e-child\" data-id=\"0e04eef\" data-element_type=\"container\" data-e-type=\"container\">\n\t\t\t\t<div class=\"elementor-element elementor-element-9ec5564 elementor-widget elementor-widget-image\" data-id=\"9ec5564\" data-element_type=\"widget\" data-e-type=\"widget\" data-widget_type=\"image.default\">\n\t\t\t\t\t\t\t\t\t\t\t\t\t\t\t<img decoding=\"async\" width=\"473\" height=\"1024\" src=\"https:\/\/psychomotricite-educationsomatique.fr\/wp-content\/uploads\/2026\/03\/PHOTO-2026-03-15-17-47-06-473x1024.jpg\" class=\"attachment-large size-large wp-image-103\" alt=\"\" srcset=\"https:\/\/psychomotricite-educationsomatique.fr\/wp-content\/uploads\/2026\/03\/PHOTO-2026-03-15-17-47-06-473x1024.jpg 473w, https:\/\/psychomotricite-educationsomatique.fr\/wp-content\/uploads\/2026\/03\/PHOTO-2026-03-15-17-47-06-139x300.jpg 139w, https:\/\/psychomotricite-educationsomatique.fr\/wp-content\/uploads\/2026\/03\/PHOTO-2026-03-15-17-47-06-709x1536.jpg 709w, https:\/\/psychomotricite-educationsomatique.fr\/wp-content\/uploads\/2026\/03\/PHOTO-2026-03-15-17-47-06.jpg 739w\" sizes=\"(max-width: 473px) 100vw, 473px\" \/>\t\t\t\t\t\t\t\t\t\t\t\t\t\t\t<\/div>\n\t\t\t\t<\/div>\n\t\t<div class=\"elementor-element elementor-element-192f8de e-con-full e-flex wpr-particle-no wpr-jarallax-no wpr-parallax-no wpr-sticky-section-no e-con e-child\" data-id=\"192f8de\" data-element_type=\"container\" data-e-type=\"container\">\n\t\t\t\t<\/div>\n\t\t<div class=\"elementor-element elementor-element-013171d e-con-full e-flex wpr-particle-no wpr-jarallax-no wpr-parallax-no wpr-sticky-section-no e-con e-child\" data-id=\"013171d\" data-element_type=\"container\" data-e-type=\"container\">\n\t\t\t\t<\/div>\n\t\t\t\t\t<\/div>\n\t\t\t\t<\/div>\n\t\t<div class=\"elementor-element elementor-element-2633ad5 e-flex e-con-boxed wpr-particle-no wpr-jarallax-no wpr-parallax-no wpr-sticky-section-no e-con e-parent\" data-id=\"2633ad5\" data-element_type=\"container\" data-e-type=\"container\">\n\t\t\t\t\t<div class=\"e-con-inner\">\n\t\t\t\t\t<\/div>\n\t\t\t\t<\/div>\n\t\t<div class=\"elementor-element elementor-element-481bc87 e-flex e-con-boxed wpr-particle-no wpr-jarallax-no wpr-parallax-no wpr-sticky-section-no e-con e-parent\" data-id=\"481bc87\" data-element_type=\"container\" data-e-type=\"container\">\n\t\t\t\t\t<div class=\"e-con-inner\">\n\t\t<div class=\"elementor-element elementor-element-faa5f8a e-con-full e-flex wpr-particle-no wpr-jarallax-no wpr-parallax-no wpr-sticky-section-no e-con e-child\" data-id=\"faa5f8a\" data-element_type=\"container\" data-e-type=\"container\">\n\t\t\t\t<\/div>\n\t\t<div class=\"elementor-element elementor-element-7166f6e e-con-full e-flex wpr-particle-no wpr-jarallax-no wpr-parallax-no wpr-sticky-section-no e-con e-child\" data-id=\"7166f6e\" data-element_type=\"container\" data-e-type=\"container\">\n\t\t\t\t<div class=\"elementor-element elementor-element-a7b6c3b elementor-align-center elementor-widget elementor-widget-button\" data-id=\"a7b6c3b\" data-element_type=\"widget\" data-e-type=\"widget\" data-widget_type=\"button.default\">\n\t\t\t\t\t\t\t\t\t\t<a class=\"elementor-button elementor-button-link elementor-size-sm\" href=\"#\">\n\t\t\t\t\t\t<span class=\"elementor-button-content-wrapper\">\n\t\t\t\t\t\t\t\t\t<span class=\"elementor-button-text\">En savoir plus sur le r\u00e9seau plateforme coordination orientation<\/span>\n\t\t\t\t\t<\/span>\n\t\t\t\t\t<\/a>\n\t\t\t\t\t\t\t\t<\/div>\n\t\t\t\t<div class=\"elementor-element elementor-element-ddf9f36 elementor-widget elementor-widget-text-editor\" data-id=\"ddf9f36\" data-element_type=\"widget\" data-e-type=\"widget\" data-widget_type=\"text-editor.default\">\n\t\t\t\t\t\t\t\t\t<p>Lorem ipsum dolor sit amet, consectetur adipiscing elit. Ut elit tellus, luctus nec ullamcorper mattis, pulvinar dapibus leo.<\/p>\t\t\t\t\t\t\t\t<\/div>\n\t\t\t\t<div class=\"elementor-element elementor-element-4b57f33 elementor-widget elementor-widget-image\" data-id=\"4b57f33\" data-element_type=\"widget\" data-e-type=\"widget\" data-widget_type=\"image.default\">\n\t\t\t\t\t\t\t\t\t\t\t\t\t\t\t<img decoding=\"async\" width=\"473\" height=\"1024\" src=\"https:\/\/psychomotricite-educationsomatique.fr\/wp-content\/uploads\/2026\/03\/PHOTO-2026-03-15-19-33-15-473x1024.jpg\" class=\"attachment-large size-large wp-image-102\" alt=\"\" srcset=\"https:\/\/psychomotricite-educationsomatique.fr\/wp-content\/uploads\/2026\/03\/PHOTO-2026-03-15-19-33-15-473x1024.jpg 473w, https:\/\/psychomotricite-educationsomatique.fr\/wp-content\/uploads\/2026\/03\/PHOTO-2026-03-15-19-33-15-709x1536.jpg 709w\" sizes=\"(max-width: 473px) 100vw, 473px\" \/>\t\t\t\t\t\t\t\t\t\t\t\t\t\t\t<\/div>\n\t\t\t\t<\/div>\n\t\t<div class=\"elementor-element elementor-element-945bfd0 e-con-full e-flex wpr-particle-no wpr-jarallax-no wpr-parallax-no wpr-sticky-section-no e-con e-child\" data-id=\"945bfd0\" data-element_type=\"container\" data-e-type=\"container\">\n\t\t\t\t<\/div>\n\t\t<div class=\"elementor-element elementor-element-0403eeb e-con-full e-flex wpr-particle-no wpr-jarallax-no wpr-parallax-no wpr-sticky-section-no e-con e-child\" data-id=\"0403eeb\" data-element_type=\"container\" data-e-type=\"container\">\n\t\t\t\t<\/div>\n\t\t\t\t\t<\/div>\n\t\t\t\t<\/div>\n\t\t<div class=\"elementor-element elementor-element-b5f9a69 e-flex e-con-boxed wpr-particle-no wpr-jarallax-no wpr-parallax-no wpr-sticky-section-no e-con e-parent\" data-id=\"b5f9a69\" data-element_type=\"container\" data-e-type=\"container\">\n\t\t\t\t\t<div class=\"e-con-inner\">\n\t\t\t\t<div class=\"elementor-element elementor-element-058c7a7 elementor-widget-divider--view-line elementor-widget elementor-widget-divider\" data-id=\"058c7a7\" data-element_type=\"widget\" data-e-type=\"widget\" data-widget_type=\"divider.default\">\n\t\t\t\t\t\t\t<div class=\"elementor-divider\">\n\t\t\t<span class=\"elementor-divider-separator\">\n\t\t\t\t\t\t<\/span>\n\t\t<\/div>\n\t\t\t\t\t\t<\/div>\n\t\t\t\t\t<\/div>\n\t\t\t\t<\/div>\n\t\t<div class=\"elementor-element elementor-element-dda3530 e-flex e-con-boxed wpr-particle-no wpr-jarallax-no wpr-parallax-no wpr-sticky-section-no e-con e-parent\" data-id=\"dda3530\" data-element_type=\"container\" data-e-type=\"container\">\n\t\t\t\t\t<div class=\"e-con-inner\">\n\t\t\t\t<div class=\"elementor-element elementor-element-5ec75fc elementor-align-center elementor-widget elementor-widget-button\" data-id=\"5ec75fc\" data-element_type=\"widget\" data-e-type=\"widget\" data-widget_type=\"button.default\">\n\t\t\t\t\t\t\t\t\t\t<a class=\"elementor-button elementor-button-link elementor-size-sm\" href=\"#\">\n\t\t\t\t\t\t<span class=\"elementor-button-content-wrapper\">\n\t\t\t\t\t\t\t\t\t<span class=\"elementor-button-text\">Tarifs et informations pratiques<\/span>\n\t\t\t\t\t<\/span>\n\t\t\t\t\t<\/a>\n\t\t\t\t\t\t\t\t<\/div>\n\t\t\t\t<div class=\"elementor-element elementor-element-731fca7 elementor-widget-divider--view-line elementor-widget elementor-widget-divider\" data-id=\"731fca7\" data-element_type=\"widget\" data-e-type=\"widget\" data-widget_type=\"divider.default\">\n\t\t\t\t\t\t\t<div class=\"elementor-divider\">\n\t\t\t<span class=\"elementor-divider-separator\">\n\t\t\t\t\t\t<\/span>\n\t\t<\/div>\n\t\t\t\t\t\t<\/div>\n\t\t\t\t<div class=\"elementor-element elementor-element-d8d7377 elementor-widget elementor-widget-heading\" data-id=\"d8d7377\" data-element_type=\"widget\" data-e-type=\"widget\" data-widget_type=\"heading.default\">\n\t\t\t\t\t<h2 class=\"elementor-heading-title elementor-size-default\"><span style=\"font-size: 1.875rem\">\u00c9ducation somatique<\/span><\/h2>\t\t\t\t<\/div>\n\t\t\t\t\t<\/div>\n\t\t\t\t<\/div>\n\t\t<div class=\"elementor-element elementor-element-db80537 e-flex e-con-boxed wpr-particle-no wpr-jarallax-no wpr-parallax-no wpr-sticky-section-no e-con e-parent\" data-id=\"db80537\" data-element_type=\"container\" data-e-type=\"container\">\n\t\t\t\t\t<div class=\"e-con-inner\">\n\t\t\t\t\t<\/div>\n\t\t\t\t<\/div>\n\t\t\t\t<\/div>\n\t\t","protected":false},"excerpt":{"rendered":"<p>Accompagnement psychomoteur \u00e0 vis\u00e9e th\u00e9rapeutique et r\u00e9\u00e9ducative Cet accompagnementa un double objectif : R\u00e9\u00e9ducatif\u00a0: pour r\u00e9\u00e9duquer les fonctions motrices Th\u00e9rapeutique : pour que la personne soit mieux dans son corps Pour quelles probl\u00e9matiques et pour qui ? Cet accompagnement peut \u00eatre activ\u00e9 \u00e0 tous les \u00e2ges de la vie, en fonction des probl\u00e9matiques. Pour le b\u00e9b\u00e9 : dans les cas de pr\u00e9maturit\u00e9, retards psychomoteurs, difficult\u00e9 de r\u00e9gulation tonique (hypertonicit\u00e9, hypotonicit\u00e9), en cas de suspicion de troubles neurod\u00e9veloppementaux (adress\u00e9 par le m\u00e9decin). Je suis r\u00e9f\u00e9renc\u00e9e par le parcours COCON. \u00a0 En savoir plus sur le parcours COCON R\u00e9seau plateforme coordination orientation 0 \u2013 6 ans et 7 -12 ans https:\/\/www.paca.ars.sante.fr\/les-plateformes-de-coordination-et-dorientation-pco Enfants\/ Adolescents\u00a0: difficult\u00e9s motrices fines (\u00e9criture) et globales, agitation motrice, difficult\u00e9s d\u2019attention et\/ou de r\u00e9gulation \u00e9motionnelle, troubles du spectre autistique, TDAH, troubles des coordinations (anciennement dyspraxie), troubles du sch\u00e9ma corporel, difficult\u00e9s li\u00e9es \u00e0 l\u2019image du corps Pour les enfants reconnus par la MPDH\u00a0: AEH compl\u00e9mentaire Adultes\u00a0: anxi\u00e9t\u00e9 stress, troubles cognitifs, troubles des coordination, troubles du spectre autistique, Personnes \u00e2g\u00e9es\u00a0: craintes corporelles, appr\u00e9hension de la chute, troubles de l\u2019\u00e9quilibre, difficult\u00e9s li\u00e9es au sch\u00e9ma corporel En savoir plus sur le r\u00e9seau plateforme coordination orientation Lorem ipsum dolor sit amet, consectetur adipiscing elit. Ut elit tellus, luctus nec ullamcorper mattis, pulvinar dapibus leo. Tarifs et informations pratiques \u00c9ducation somatique<\/p>\n","protected":false},"author":1,"featured_media":0,"parent":0,"menu_order":0,"comment_status":"closed","ping_status":"closed","template":"elementor_canvas","meta":{"site-sidebar-layout":"no-sidebar","site-content-layout":"","ast-site-content-layout":"full-width-container","site-content-style":"default","site-sidebar-style":"default","ast-global-header-display":"","ast-banner-title-visibility":"","ast-main-header-display":"","ast-hfb-above-header-display":"","ast-hfb-below-header-display":"","ast-hfb-mobile-header-display":"","site-post-title":"","ast-breadcrumbs-content":"","ast-featured-img":"disabled","footer-sml-layout":"","ast-disable-related-posts":"","theme-transparent-header-meta":"","adv-header-id-meta":"","stick-header-meta":"","header-above-stick-meta":"","header-main-stick-meta":"","header-below-stick-meta":"","astra-migrate-meta-layouts":"default","ast-page-background-enabled":"default","ast-page-background-meta":{"desktop":{"background-color":"var(--ast-global-color-5)","background-image":"","background-repeat":"repeat","background-position":"center center","background-size":"auto","background-attachment":"scroll","background-type":"","background-media":"","overlay-type":"","overlay-color":"","overlay-opacity":"","overlay-gradient":""},"tablet":{"background-color":"","background-image":"","background-repeat":"repeat","background-position":"center center","background-size":"auto","background-attachment":"scroll","background-type":"","background-media":"","overlay-type":"","overlay-color":"","overlay-opacity":"","overlay-gradient":""},"mobile":{"background-color":"","background-image":"","background-repeat":"repeat","background-position":"center center","background-size":"auto","background-attachment":"scroll","background-type":"","background-media":"","overlay-type":"","overlay-color":"","overlay-opacity":"","overlay-gradient":""}},"ast-content-background-meta":{"desktop":{"background-color":"var(--ast-global-color-4)","background-image":"","background-repeat":"repeat","background-position":"center center","background-size":"auto","background-attachment":"scroll","background-type":"","background-media":"","overlay-type":"","overlay-color":"","overlay-opacity":"","overlay-gradient":""},"tablet":{"background-color":"var(--ast-global-color-4)","background-image":"","background-repeat":"repeat","background-position":"center center","background-size":"auto","background-attachment":"scroll","background-type":"","background-media":"","overlay-type":"","overlay-color":"","overlay-opacity":"","overlay-gradient":""},"mobile":{"background-color":"var(--ast-global-color-4)","background-image":"","background-repeat":"repeat","background-position":"center center","background-size":"auto","background-attachment":"scroll","background-type":"","background-media":"","overlay-type":"","overlay-color":"","overlay-opacity":"","overlay-gradient":""}},"footnotes":""},"class_list":["post-83","page","type-page","status-publish","hentry"],"_links":{"self":[{"href":"https:\/\/psychomotricite-educationsomatique.fr\/index.php\/wp-json\/wp\/v2\/pages\/83","targetHints":{"allow":["GET"]}}],"collection":[{"href":"https:\/\/psychomotricite-educationsomatique.fr\/index.php\/wp-json\/wp\/v2\/pages"}],"about":[{"href":"https:\/\/psychomotricite-educationsomatique.fr\/index.php\/wp-json\/wp\/v2\/types\/page"}],"author":[{"embeddable":true,"href":"https:\/\/psychomotricite-educationsomatique.fr\/index.php\/wp-json\/wp\/v2\/users\/1"}],"replies":[{"embeddable":true,"href":"https:\/\/psychomotricite-educationsomatique.fr\/index.php\/wp-json\/wp\/v2\/comments?post=83"}],"version-history":[{"count":14,"href":"https:\/\/psychomotricite-educationsomatique.fr\/index.php\/wp-json\/wp\/v2\/pages\/83\/revisions"}],"predecessor-version":[{"id":111,"href":"https:\/\/psychomotricite-educationsomatique.fr\/index.php\/wp-json\/wp\/v2\/pages\/83\/revisions\/111"}],"wp:attachment":[{"href":"https:\/\/psychomotricite-educationsomatique.fr\/index.php\/wp-json\/wp\/v2\/media?parent=83"}],"curies":[{"name":"wp","href":"https:\/\/api.w.org\/{rel}","templated":true}]}}