{"id":16,"date":"2026-03-19T12:21:38","date_gmt":"2026-03-19T12:21:38","guid":{"rendered":"https:\/\/psychomotricite-educationsomatique.fr\/?page_id=16"},"modified":"2026-03-20T06:38:40","modified_gmt":"2026-03-20T06:38:40","slug":"accueil","status":"publish","type":"page","link":"https:\/\/psychomotricite-educationsomatique.fr\/","title":{"rendered":"ACCUEIL"},"content":{"rendered":"\t\t<div data-elementor-type=\"wp-page\" data-elementor-id=\"16\" class=\"elementor elementor-16\">\n\t\t\t\t<div class=\"elementor-element elementor-element-a3da091 e-flex e-con-boxed wpr-particle-no wpr-jarallax-no wpr-parallax-no wpr-sticky-section-no e-con e-parent\" data-id=\"a3da091\" data-element_type=\"container\" data-e-type=\"container\">\n\t\t\t\t\t<div class=\"e-con-inner\">\n\t\t\t\t<div class=\"elementor-element elementor-element-c3a39e5 elementor-widget elementor-widget-image\" data-id=\"c3a39e5\" data-element_type=\"widget\" data-e-type=\"widget\" data-widget_type=\"image.default\">\n\t\t\t\t\t\t\t\t\t\t\t\t\t\t\t<img fetchpriority=\"high\" decoding=\"async\" width=\"1024\" height=\"473\" src=\"https:\/\/psychomotricite-educationsomatique.fr\/wp-content\/uploads\/2026\/03\/PHOTO-2026-03-15-17-46-27-1024x473.jpg\" class=\"attachment-large size-large wp-image-41\" alt=\"\" srcset=\"https:\/\/psychomotricite-educationsomatique.fr\/wp-content\/uploads\/2026\/03\/PHOTO-2026-03-15-17-46-27-1024x473.jpg 1024w, https:\/\/psychomotricite-educationsomatique.fr\/wp-content\/uploads\/2026\/03\/PHOTO-2026-03-15-17-46-27-300x139.jpg 300w, https:\/\/psychomotricite-educationsomatique.fr\/wp-content\/uploads\/2026\/03\/PHOTO-2026-03-15-17-46-27-768x355.jpg 768w, https:\/\/psychomotricite-educationsomatique.fr\/wp-content\/uploads\/2026\/03\/PHOTO-2026-03-15-17-46-27-1536x709.jpg 1536w, https:\/\/psychomotricite-educationsomatique.fr\/wp-content\/uploads\/2026\/03\/PHOTO-2026-03-15-17-46-27.jpg 1600w\" sizes=\"(max-width: 1024px) 100vw, 1024px\" \/>\t\t\t\t\t\t\t\t\t\t\t\t\t\t\t<\/div>\n\t\t\t\t\t<\/div>\n\t\t\t\t<\/div>\n\t\t<div class=\"elementor-element elementor-element-08b6e39 e-flex e-con-boxed wpr-particle-no wpr-jarallax-no wpr-parallax-no wpr-sticky-section-no e-con e-parent\" data-id=\"08b6e39\" data-element_type=\"container\" data-e-type=\"container\">\n\t\t\t\t\t<div class=\"e-con-inner\">\n\t\t\t\t<div class=\"elementor-element elementor-element-266f35c elementor-widget-divider--view-line elementor-widget elementor-widget-divider\" data-id=\"266f35c\" data-element_type=\"widget\" data-e-type=\"widget\" data-widget_type=\"divider.default\">\n\t\t\t\t\t\t\t<div class=\"elementor-divider\">\n\t\t\t<span class=\"elementor-divider-separator\">\n\t\t\t\t\t\t<\/span>\n\t\t<\/div>\n\t\t\t\t\t\t<\/div>\n\t\t\t\t<div class=\"elementor-element elementor-element-587ac19 elementor-widget elementor-widget-heading\" data-id=\"587ac19\" data-element_type=\"widget\" data-e-type=\"widget\" data-widget_type=\"heading.default\">\n\t\t\t\t\t<h2 class=\"elementor-heading-title elementor-size-default\">Mes accompagnements <\/h2>\t\t\t\t<\/div>\n\t\t\t\t\t<\/div>\n\t\t\t\t<\/div>\n\t\t<div class=\"elementor-element elementor-element-481bc87 e-flex e-con-boxed wpr-particle-no wpr-jarallax-no wpr-parallax-no wpr-sticky-section-no e-con e-parent\" data-id=\"481bc87\" data-element_type=\"container\" data-e-type=\"container\">\n\t\t\t\t\t<div class=\"e-con-inner\">\n\t\t<div class=\"elementor-element elementor-element-faa5f8a e-con-full e-flex wpr-particle-no wpr-jarallax-no wpr-parallax-no wpr-sticky-section-no e-con e-child\" data-id=\"faa5f8a\" data-element_type=\"container\" data-e-type=\"container\">\n\t\t\t\t<div class=\"elementor-element elementor-element-3af76d3 elementor-widget elementor-widget-image\" data-id=\"3af76d3\" data-element_type=\"widget\" data-e-type=\"widget\" data-widget_type=\"image.default\">\n\t\t\t\t\t\t\t\t\t\t\t\t\t\t\t<img decoding=\"async\" width=\"1024\" height=\"473\" src=\"https:\/\/psychomotricite-educationsomatique.fr\/wp-content\/uploads\/2026\/03\/PHOTO-2026-03-15-17-47-05-1024x473.jpg\" class=\"attachment-large size-large wp-image-67\" alt=\"\" srcset=\"https:\/\/psychomotricite-educationsomatique.fr\/wp-content\/uploads\/2026\/03\/PHOTO-2026-03-15-17-47-05-1024x473.jpg 1024w, https:\/\/psychomotricite-educationsomatique.fr\/wp-content\/uploads\/2026\/03\/PHOTO-2026-03-15-17-47-05-300x139.jpg 300w, https:\/\/psychomotricite-educationsomatique.fr\/wp-content\/uploads\/2026\/03\/PHOTO-2026-03-15-17-47-05-768x355.jpg 768w, https:\/\/psychomotricite-educationsomatique.fr\/wp-content\/uploads\/2026\/03\/PHOTO-2026-03-15-17-47-05-1536x709.jpg 1536w, https:\/\/psychomotricite-educationsomatique.fr\/wp-content\/uploads\/2026\/03\/PHOTO-2026-03-15-17-47-05.jpg 1600w\" sizes=\"(max-width: 1024px) 100vw, 1024px\" \/>\t\t\t\t\t\t\t\t\t\t\t\t\t\t\t<\/div>\n\t\t\t\t<\/div>\n\t\t<div class=\"elementor-element elementor-element-7166f6e e-con-full e-flex wpr-particle-no wpr-jarallax-no wpr-parallax-no wpr-sticky-section-no e-con e-child\" data-id=\"7166f6e\" data-element_type=\"container\" data-e-type=\"container\">\n\t\t\t\t<div class=\"elementor-element elementor-element-4b57f33 elementor-widget elementor-widget-image\" data-id=\"4b57f33\" data-element_type=\"widget\" data-e-type=\"widget\" data-widget_type=\"image.default\">\n\t\t\t\t\t\t\t\t\t\t\t\t\t\t\t<img decoding=\"async\" width=\"1024\" height=\"473\" src=\"https:\/\/psychomotricite-educationsomatique.fr\/wp-content\/uploads\/2026\/03\/PHOTO-2026-03-15-17-48-30-1024x473.jpg\" class=\"attachment-large size-large wp-image-68\" alt=\"\" srcset=\"https:\/\/psychomotricite-educationsomatique.fr\/wp-content\/uploads\/2026\/03\/PHOTO-2026-03-15-17-48-30-1024x473.jpg 1024w, https:\/\/psychomotricite-educationsomatique.fr\/wp-content\/uploads\/2026\/03\/PHOTO-2026-03-15-17-48-30-300x139.jpg 300w, https:\/\/psychomotricite-educationsomatique.fr\/wp-content\/uploads\/2026\/03\/PHOTO-2026-03-15-17-48-30-768x355.jpg 768w, https:\/\/psychomotricite-educationsomatique.fr\/wp-content\/uploads\/2026\/03\/PHOTO-2026-03-15-17-48-30-1536x709.jpg 1536w, https:\/\/psychomotricite-educationsomatique.fr\/wp-content\/uploads\/2026\/03\/PHOTO-2026-03-15-17-48-30.jpg 1600w\" sizes=\"(max-width: 1024px) 100vw, 1024px\" \/>\t\t\t\t\t\t\t\t\t\t\t\t\t\t\t<\/div>\n\t\t\t\t<\/div>\n\t\t<div class=\"elementor-element elementor-element-945bfd0 e-con-full e-flex wpr-particle-no wpr-jarallax-no wpr-parallax-no wpr-sticky-section-no e-con e-child\" data-id=\"945bfd0\" data-element_type=\"container\" data-e-type=\"container\">\n\t\t\t\t<div class=\"elementor-element elementor-element-63faa77 elementor-widget elementor-widget-button\" data-id=\"63faa77\" data-element_type=\"widget\" data-e-type=\"widget\" data-widget_type=\"button.default\">\n\t\t\t\t\t\t\t\t\t\t<a class=\"elementor-button elementor-button-link elementor-size-sm\" href=\"#\">\n\t\t\t\t\t\t<span class=\"elementor-button-content-wrapper\">\n\t\t\t\t\t\t\t\t\t<span class=\"elementor-button-text\">Accompagnement en psychomotricit\u00e9<\/span>\n\t\t\t\t\t<\/span>\n\t\t\t\t\t<\/a>\n\t\t\t\t\t\t\t\t<\/div>\n\t\t\t\t<\/div>\n\t\t<div class=\"elementor-element elementor-element-0403eeb e-con-full e-flex wpr-particle-no wpr-jarallax-no wpr-parallax-no wpr-sticky-section-no e-con e-child\" data-id=\"0403eeb\" data-element_type=\"container\" data-e-type=\"container\">\n\t\t\t\t<div class=\"elementor-element elementor-element-a7b6c3b elementor-align-center elementor-widget elementor-widget-button\" data-id=\"a7b6c3b\" data-element_type=\"widget\" data-e-type=\"widget\" data-widget_type=\"button.default\">\n\t\t\t\t\t\t\t\t\t\t<a class=\"elementor-button elementor-button-link elementor-size-sm\" href=\"#\">\n\t\t\t\t\t\t<span class=\"elementor-button-content-wrapper\">\n\t\t\t\t\t\t\t\t\t<span class=\"elementor-button-text\">\u00c9ducation somatique<\/span>\n\t\t\t\t\t<\/span>\n\t\t\t\t\t<\/a>\n\t\t\t\t\t\t\t\t<\/div>\n\t\t\t\t<\/div>\n\t\t\t\t\t<\/div>\n\t\t\t\t<\/div>\n\t\t<div class=\"elementor-element elementor-element-64954bb e-flex e-con-boxed wpr-particle-no wpr-jarallax-no wpr-parallax-no wpr-sticky-section-no e-con e-parent\" data-id=\"64954bb\" data-element_type=\"container\" data-e-type=\"container\">\n\t\t\t\t\t<div class=\"e-con-inner\">\n\t\t\t\t<div class=\"elementor-element elementor-element-19a1f02 elementor-widget-divider--view-line elementor-widget elementor-widget-divider\" data-id=\"19a1f02\" data-element_type=\"widget\" data-e-type=\"widget\" data-widget_type=\"divider.default\">\n\t\t\t\t\t\t\t<div class=\"elementor-divider\">\n\t\t\t<span class=\"elementor-divider-separator\">\n\t\t\t\t\t\t<\/span>\n\t\t<\/div>\n\t\t\t\t\t\t<\/div>\n\t\t\t\t\t<\/div>\n\t\t\t\t<\/div>\n\t\t<div class=\"elementor-element elementor-element-b5f9a69 e-flex e-con-boxed wpr-particle-no wpr-jarallax-no wpr-parallax-no wpr-sticky-section-no e-con e-parent\" data-id=\"b5f9a69\" data-element_type=\"container\" data-e-type=\"container\">\n\t\t\t\t\t<div class=\"e-con-inner\">\n\t\t\t\t<div class=\"elementor-element elementor-element-1426a5d elementor-widget elementor-widget-heading\" data-id=\"1426a5d\" data-element_type=\"widget\" data-e-type=\"widget\" data-widget_type=\"heading.default\">\n\t\t\t\t\t<h2 class=\"elementor-heading-title elementor-size-default\"><span style=\"font-size: 1.875rem\">Qui suis-je ?<\/span><\/h2>\t\t\t\t<\/div>\n\t\t\t\t\t<\/div>\n\t\t\t\t<\/div>\n\t\t<div class=\"elementor-element elementor-element-0daff2b e-flex e-con-boxed wpr-particle-no wpr-jarallax-no wpr-parallax-no wpr-sticky-section-no e-con e-parent\" data-id=\"0daff2b\" data-element_type=\"container\" data-e-type=\"container\">\n\t\t\t\t\t<div class=\"e-con-inner\">\n\t\t<div class=\"elementor-element elementor-element-dc6b8a4 e-con-full e-flex wpr-particle-no wpr-jarallax-no wpr-parallax-no wpr-sticky-section-no e-con e-child\" data-id=\"dc6b8a4\" data-element_type=\"container\" data-e-type=\"container\">\n\t\t\t\t<div class=\"elementor-element elementor-element-375d7d9 elementor-widget elementor-widget-text-editor\" data-id=\"375d7d9\" data-element_type=\"widget\" data-e-type=\"widget\" data-widget_type=\"text-editor.default\">\n\t\t\t\t\t\t\t\t\t<p>Psychomotricienne, j&rsquo;ai \u00e9toff\u00e9 ma pratique par d&rsquo;autres formations (D.U de psychopathologie du jeune enfant, sensibilisation au bilan sensori-moteur de BULLINGER, sensibilisation aux R\u00e9flexes Archa\u00efques).<\/p><p>Je suis \u00e9galement praticienne en \u00e9ducation somatique. Je suis particuli\u00e8rement anim\u00e9e par la fa\u00e7on dont l&rsquo;individu se d\u00e9veloppe et se construit d&rsquo;un point de vue psychomoteur, sensoriel, \u00e9motionnel et cognitif \u00e0 travers le mouvement.<\/p>\t\t\t\t\t\t\t\t<\/div>\n\t\t\t\t<div class=\"elementor-element elementor-element-f6a2498 elementor-widget elementor-widget-button\" data-id=\"f6a2498\" data-element_type=\"widget\" data-e-type=\"widget\" data-widget_type=\"button.default\">\n\t\t\t\t\t\t\t\t\t\t<a class=\"elementor-button elementor-button-link elementor-size-sm\" href=\"#\">\n\t\t\t\t\t\t<span class=\"elementor-button-content-wrapper\">\n\t\t\t\t\t\t\t\t\t<span class=\"elementor-button-text\">En savoir plus sur mon parcours, mes formations, mon approche<\/span>\n\t\t\t\t\t<\/span>\n\t\t\t\t\t<\/a>\n\t\t\t\t\t\t\t\t<\/div>\n\t\t\t\t<\/div>\n\t\t<div class=\"elementor-element elementor-element-9b1217f e-con-full e-flex wpr-particle-no wpr-jarallax-no wpr-parallax-no wpr-sticky-section-no e-con e-child\" data-id=\"9b1217f\" data-element_type=\"container\" data-e-type=\"container\">\n\t\t\t\t<div class=\"elementor-element elementor-element-1347287 elementor-widget elementor-widget-image\" data-id=\"1347287\" data-element_type=\"widget\" data-e-type=\"widget\" data-widget_type=\"image.default\">\n\t\t\t\t\t\t\t\t\t\t\t\t\t\t\t<img loading=\"lazy\" decoding=\"async\" width=\"139\" height=\"300\" src=\"https:\/\/psychomotricite-educationsomatique.fr\/wp-content\/uploads\/2026\/03\/PHOTO-2026-03-15-17-46-13-139x300.jpg\" class=\"attachment-medium size-medium wp-image-69\" alt=\"\" srcset=\"https:\/\/psychomotricite-educationsomatique.fr\/wp-content\/uploads\/2026\/03\/PHOTO-2026-03-15-17-46-13-139x300.jpg 139w, https:\/\/psychomotricite-educationsomatique.fr\/wp-content\/uploads\/2026\/03\/PHOTO-2026-03-15-17-46-13-473x1024.jpg 473w, https:\/\/psychomotricite-educationsomatique.fr\/wp-content\/uploads\/2026\/03\/PHOTO-2026-03-15-17-46-13-709x1536.jpg 709w, https:\/\/psychomotricite-educationsomatique.fr\/wp-content\/uploads\/2026\/03\/PHOTO-2026-03-15-17-46-13.jpg 739w\" sizes=\"(max-width: 139px) 100vw, 139px\" \/>\t\t\t\t\t\t\t\t\t\t\t\t\t\t\t<\/div>\n\t\t\t\t<\/div>\n\t\t\t\t\t<\/div>\n\t\t\t\t<\/div>\n\t\t<div class=\"elementor-element elementor-element-0b901db e-flex e-con-boxed wpr-particle-no wpr-jarallax-no wpr-parallax-no wpr-sticky-section-no e-con e-parent\" data-id=\"0b901db\" data-element_type=\"container\" data-e-type=\"container\">\n\t\t\t\t\t<div class=\"e-con-inner\">\n\t\t\t\t<div class=\"elementor-element elementor-element-a39ca81 elementor-widget-divider--view-line elementor-widget elementor-widget-divider\" data-id=\"a39ca81\" data-element_type=\"widget\" data-e-type=\"widget\" data-widget_type=\"divider.default\">\n\t\t\t\t\t\t\t<div class=\"elementor-divider\">\n\t\t\t<span class=\"elementor-divider-separator\">\n\t\t\t\t\t\t<\/span>\n\t\t<\/div>\n\t\t\t\t\t\t<\/div>\n\t\t\t\t<div class=\"elementor-element elementor-element-36954ea elementor-widget elementor-widget-heading\" data-id=\"36954ea\" data-element_type=\"widget\" data-e-type=\"widget\" data-widget_type=\"heading.default\">\n\t\t\t\t\t<h2 class=\"elementor-heading-title elementor-size-default\"><span style=\"font-size: 1.875rem\">Tarifs et informations pratiques<\/span><\/h2>\t\t\t\t<\/div>\n\t\t\t\t\t<\/div>\n\t\t\t\t<\/div>\n\t\t<div class=\"elementor-element elementor-element-c77719c e-flex e-con-boxed wpr-particle-no wpr-jarallax-no wpr-parallax-no wpr-sticky-section-no e-con e-parent\" data-id=\"c77719c\" data-element_type=\"container\" data-e-type=\"container\">\n\t\t\t\t\t<div class=\"e-con-inner\">\n\t\t<div class=\"elementor-element elementor-element-e8758d1 e-con-full e-flex wpr-particle-no wpr-jarallax-no wpr-parallax-no wpr-sticky-section-no e-con e-child\" data-id=\"e8758d1\" data-element_type=\"container\" data-e-type=\"container\">\n\t\t\t\t<div class=\"elementor-element elementor-element-6c9cfcf elementor-widget elementor-widget-image\" data-id=\"6c9cfcf\" data-element_type=\"widget\" data-e-type=\"widget\" data-widget_type=\"image.default\">\n\t\t\t\t\t\t\t\t\t\t\t\t\t\t\t<img loading=\"lazy\" decoding=\"async\" width=\"1024\" height=\"473\" src=\"https:\/\/psychomotricite-educationsomatique.fr\/wp-content\/uploads\/2026\/03\/IMG_3914-1024x473.jpg\" class=\"attachment-large size-large wp-image-74\" alt=\"\" srcset=\"https:\/\/psychomotricite-educationsomatique.fr\/wp-content\/uploads\/2026\/03\/IMG_3914-1024x473.jpg 1024w, https:\/\/psychomotricite-educationsomatique.fr\/wp-content\/uploads\/2026\/03\/IMG_3914-300x139.jpg 300w, https:\/\/psychomotricite-educationsomatique.fr\/wp-content\/uploads\/2026\/03\/IMG_3914-768x355.jpg 768w, https:\/\/psychomotricite-educationsomatique.fr\/wp-content\/uploads\/2026\/03\/IMG_3914-1536x709.jpg 1536w, https:\/\/psychomotricite-educationsomatique.fr\/wp-content\/uploads\/2026\/03\/IMG_3914.jpg 1600w\" sizes=\"(max-width: 1024px) 100vw, 1024px\" \/>\t\t\t\t\t\t\t\t\t\t\t\t\t\t\t<\/div>\n\t\t\t\t<\/div>\n\t\t<div class=\"elementor-element elementor-element-d69542c e-con-full e-flex wpr-particle-no wpr-jarallax-no wpr-parallax-no wpr-sticky-section-no e-con e-child\" data-id=\"d69542c\" data-element_type=\"container\" data-e-type=\"container\">\n\t\t\t\t<div class=\"elementor-element elementor-element-722ae13 elementor-widget elementor-widget-image\" data-id=\"722ae13\" data-element_type=\"widget\" data-e-type=\"widget\" data-widget_type=\"image.default\">\n\t\t\t\t\t\t\t\t\t\t\t\t\t\t\t<img loading=\"lazy\" decoding=\"async\" width=\"1024\" height=\"473\" src=\"https:\/\/psychomotricite-educationsomatique.fr\/wp-content\/uploads\/2026\/03\/IMG_3915-1024x473.jpg\" class=\"attachment-large size-large wp-image-75\" alt=\"\" srcset=\"https:\/\/psychomotricite-educationsomatique.fr\/wp-content\/uploads\/2026\/03\/IMG_3915-1024x473.jpg 1024w, https:\/\/psychomotricite-educationsomatique.fr\/wp-content\/uploads\/2026\/03\/IMG_3915-300x139.jpg 300w, https:\/\/psychomotricite-educationsomatique.fr\/wp-content\/uploads\/2026\/03\/IMG_3915-768x355.jpg 768w, https:\/\/psychomotricite-educationsomatique.fr\/wp-content\/uploads\/2026\/03\/IMG_3915-1536x709.jpg 1536w, https:\/\/psychomotricite-educationsomatique.fr\/wp-content\/uploads\/2026\/03\/IMG_3915.jpg 1600w\" sizes=\"(max-width: 1024px) 100vw, 1024px\" \/>\t\t\t\t\t\t\t\t\t\t\t\t\t\t\t<\/div>\n\t\t\t\t<\/div>\n\t\t<div class=\"elementor-element elementor-element-8977ddb e-con-full e-flex wpr-particle-no wpr-jarallax-no wpr-parallax-no wpr-sticky-section-no e-con e-child\" data-id=\"8977ddb\" data-element_type=\"container\" data-e-type=\"container\">\n\t\t\t\t<div class=\"elementor-element elementor-element-248e4d2 elementor-widget elementor-widget-image\" data-id=\"248e4d2\" data-element_type=\"widget\" data-e-type=\"widget\" data-widget_type=\"image.default\">\n\t\t\t\t\t\t\t\t\t\t\t\t\t\t\t<img loading=\"lazy\" decoding=\"async\" width=\"1024\" height=\"473\" src=\"https:\/\/psychomotricite-educationsomatique.fr\/wp-content\/uploads\/2026\/03\/IMG_3912-1024x473.jpg\" class=\"attachment-large size-large wp-image-76\" alt=\"\" srcset=\"https:\/\/psychomotricite-educationsomatique.fr\/wp-content\/uploads\/2026\/03\/IMG_3912-1024x473.jpg 1024w, https:\/\/psychomotricite-educationsomatique.fr\/wp-content\/uploads\/2026\/03\/IMG_3912-300x139.jpg 300w, https:\/\/psychomotricite-educationsomatique.fr\/wp-content\/uploads\/2026\/03\/IMG_3912-768x355.jpg 768w, https:\/\/psychomotricite-educationsomatique.fr\/wp-content\/uploads\/2026\/03\/IMG_3912-1536x709.jpg 1536w, https:\/\/psychomotricite-educationsomatique.fr\/wp-content\/uploads\/2026\/03\/IMG_3912.jpg 1600w\" sizes=\"(max-width: 1024px) 100vw, 1024px\" \/>\t\t\t\t\t\t\t\t\t\t\t\t\t\t\t<\/div>\n\t\t\t\t<\/div>\n\t\t\t\t\t<\/div>\n\t\t\t\t<\/div>\n\t\t<div class=\"elementor-element elementor-element-db80537 e-flex e-con-boxed wpr-particle-no wpr-jarallax-no wpr-parallax-no wpr-sticky-section-no e-con e-parent\" data-id=\"db80537\" data-element_type=\"container\" data-e-type=\"container\">\n\t\t\t\t\t<div class=\"e-con-inner\">\n\t\t\t\t<div class=\"elementor-element elementor-element-5ec75fc elementor-align-center elementor-widget elementor-widget-button\" data-id=\"5ec75fc\" data-element_type=\"widget\" data-e-type=\"widget\" data-widget_type=\"button.default\">\n\t\t\t\t\t\t\t\t\t\t<a class=\"elementor-button elementor-button-link elementor-size-sm\" href=\"#\">\n\t\t\t\t\t\t<span class=\"elementor-button-content-wrapper\">\n\t\t\t\t\t\t\t\t\t<span class=\"elementor-button-text\">Tarifs et informations pratiques<\/span>\n\t\t\t\t\t<\/span>\n\t\t\t\t\t<\/a>\n\t\t\t\t\t\t\t\t<\/div>\n\t\t\t\t\t<\/div>\n\t\t\t\t<\/div>\n\t\t<div class=\"elementor-element elementor-element-bd21cd8 e-flex e-con-boxed wpr-particle-no wpr-jarallax-no wpr-parallax-no wpr-sticky-section-no e-con e-parent\" data-id=\"bd21cd8\" data-element_type=\"container\" data-e-type=\"container\">\n\t\t\t\t\t<div class=\"e-con-inner\">\n\t\t\t\t\t<\/div>\n\t\t\t\t<\/div>\n\t\t\t\t<\/div>\n\t\t","protected":false},"excerpt":{"rendered":"<p>Mes accompagnements Accompagnement en psychomotricit\u00e9 \u00c9ducation somatique Qui suis-je ? Psychomotricienne, j&rsquo;ai \u00e9toff\u00e9 ma pratique par d&rsquo;autres formations (D.U de psychopathologie du jeune enfant, sensibilisation au bilan sensori-moteur de BULLINGER, sensibilisation aux R\u00e9flexes Archa\u00efques). Je suis \u00e9galement praticienne en \u00e9ducation somatique. Je suis particuli\u00e8rement anim\u00e9e par la fa\u00e7on dont l&rsquo;individu se d\u00e9veloppe et se construit d&rsquo;un point de vue psychomoteur, sensoriel, \u00e9motionnel et cognitif \u00e0 travers le mouvement. En savoir plus sur mon parcours, mes formations, mon approche Tarifs et informations pratiques Tarifs et informations pratiques<\/p>\n","protected":false},"author":1,"featured_media":0,"parent":0,"menu_order":0,"comment_status":"closed","ping_status":"closed","template":"elementor_canvas","meta":{"site-sidebar-layout":"no-sidebar","site-content-layout":"","ast-site-content-layout":"full-width-container","site-content-style":"default","site-sidebar-style":"default","ast-global-header-display":"","ast-banner-title-visibility":"","ast-main-header-display":"","ast-hfb-above-header-display":"","ast-hfb-below-header-display":"","ast-hfb-mobile-header-display":"","site-post-title":"","ast-breadcrumbs-content":"","ast-featured-img":"disabled","footer-sml-layout":"","ast-disable-related-posts":"","theme-transparent-header-meta":"","adv-header-id-meta":"","stick-header-meta":"","header-above-stick-meta":"","header-main-stick-meta":"","header-below-stick-meta":"","astra-migrate-meta-layouts":"default","ast-page-background-enabled":"default","ast-page-background-meta":{"desktop":{"background-color":"var(--ast-global-color-5)","background-image":"","background-repeat":"repeat","background-position":"center center","background-size":"auto","background-attachment":"scroll","background-type":"","background-media":"","overlay-type":"","overlay-color":"","overlay-opacity":"","overlay-gradient":""},"tablet":{"background-color":"","background-image":"","background-repeat":"repeat","background-position":"center center","background-size":"auto","background-attachment":"scroll","background-type":"","background-media":"","overlay-type":"","overlay-color":"","overlay-opacity":"","overlay-gradient":""},"mobile":{"background-color":"","background-image":"","background-repeat":"repeat","background-position":"center center","background-size":"auto","background-attachment":"scroll","background-type":"","background-media":"","overlay-type":"","overlay-color":"","overlay-opacity":"","overlay-gradient":""}},"ast-content-background-meta":{"desktop":{"background-color":"var(--ast-global-color-4)","background-image":"","background-repeat":"repeat","background-position":"center center","background-size":"auto","background-attachment":"scroll","background-type":"","background-media":"","overlay-type":"","overlay-color":"","overlay-opacity":"","overlay-gradient":""},"tablet":{"background-color":"var(--ast-global-color-4)","background-image":"","background-repeat":"repeat","background-position":"center center","background-size":"auto","background-attachment":"scroll","background-type":"","background-media":"","overlay-type":"","overlay-color":"","overlay-opacity":"","overlay-gradient":""},"mobile":{"background-color":"var(--ast-global-color-4)","background-image":"","background-repeat":"repeat","background-position":"center center","background-size":"auto","background-attachment":"scroll","background-type":"","background-media":"","overlay-type":"","overlay-color":"","overlay-opacity":"","overlay-gradient":""}},"footnotes":""},"class_list":["post-16","page","type-page","status-publish","hentry"],"_links":{"self":[{"href":"https:\/\/psychomotricite-educationsomatique.fr\/index.php\/wp-json\/wp\/v2\/pages\/16","targetHints":{"allow":["GET"]}}],"collection":[{"href":"https:\/\/psychomotricite-educationsomatique.fr\/index.php\/wp-json\/wp\/v2\/pages"}],"about":[{"href":"https:\/\/psychomotricite-educationsomatique.fr\/index.php\/wp-json\/wp\/v2\/types\/page"}],"author":[{"embeddable":true,"href":"https:\/\/psychomotricite-educationsomatique.fr\/index.php\/wp-json\/wp\/v2\/users\/1"}],"replies":[{"embeddable":true,"href":"https:\/\/psychomotricite-educationsomatique.fr\/index.php\/wp-json\/wp\/v2\/comments?post=16"}],"version-history":[{"count":22,"href":"https:\/\/psychomotricite-educationsomatique.fr\/index.php\/wp-json\/wp\/v2\/pages\/16\/revisions"}],"predecessor-version":[{"id":101,"href":"https:\/\/psychomotricite-educationsomatique.fr\/index.php\/wp-json\/wp\/v2\/pages\/16\/revisions\/101"}],"wp:attachment":[{"href":"https:\/\/psychomotricite-educationsomatique.fr\/index.php\/wp-json\/wp\/v2\/media?parent=16"}],"curies":[{"name":"wp","href":"https:\/\/api.w.org\/{rel}","templated":true}]}}