{"id":139,"date":"2026-04-09T09:09:40","date_gmt":"2026-04-09T09:09:40","guid":{"rendered":"https:\/\/psychomotricite-educationsomatique.fr\/?page_id=139"},"modified":"2026-04-09T09:13:08","modified_gmt":"2026-04-09T09:13:08","slug":"infos-pratiques-et-tarifs","status":"publish","type":"page","link":"https:\/\/psychomotricite-educationsomatique.fr\/index.php\/infos-pratiques-et-tarifs\/","title":{"rendered":"Infos pratiques et tarifs"},"content":{"rendered":"\t\t<div data-elementor-type=\"wp-page\" data-elementor-id=\"139\" class=\"elementor elementor-139\">\n\t\t\t\t<div class=\"elementor-element elementor-element-bc35b5c e-flex e-con-boxed wpr-particle-no wpr-jarallax-no wpr-parallax-no wpr-sticky-section-no e-con e-parent\" data-id=\"bc35b5c\" data-element_type=\"container\" data-e-type=\"container\" data-settings=\"{&quot;background_background&quot;:&quot;classic&quot;,&quot;shape_divider_top&quot;:&quot;book&quot;}\">\n\t\t\t\t\t<div class=\"e-con-inner\">\n\t\t\t\t<div class=\"elementor-shape elementor-shape-top\" aria-hidden=\"true\" data-negative=\"false\">\n\t\t\t<svg xmlns=\"http:\/\/www.w3.org\/2000\/svg\" viewBox=\"0 0 1000 100\" preserveAspectRatio=\"none\">\n\t<path class=\"elementor-shape-fill\" d=\"M194,99c186.7,0.7,305-78.3,306-97.2c1,18.9,119.3,97.9,306,97.2c114.3-0.3,194,0.3,194,0.3s0-91.7,0-100c0,0,0,0,0-0 L0,0v99.3C0,99.3,79.7,98.7,194,99z\"\/>\n<\/svg>\t\t<\/div>\n\t\t\t\t<div class=\"elementor-element elementor-element-96a6630 elementor-widget elementor-widget-image\" data-id=\"96a6630\" data-element_type=\"widget\" data-e-type=\"widget\" data-widget_type=\"image.default\">\n\t\t\t\t\t\t\t\t\t\t\t\t\t\t\t<img fetchpriority=\"high\" decoding=\"async\" width=\"1600\" height=\"739\" src=\"https:\/\/psychomotricite-educationsomatique.fr\/wp-content\/uploads\/2026\/03\/IMG_3914.jpg\" class=\"attachment-full size-full wp-image-74\" alt=\"\" srcset=\"https:\/\/psychomotricite-educationsomatique.fr\/wp-content\/uploads\/2026\/03\/IMG_3914.jpg 1600w, https:\/\/psychomotricite-educationsomatique.fr\/wp-content\/uploads\/2026\/03\/IMG_3914-300x139.jpg 300w, https:\/\/psychomotricite-educationsomatique.fr\/wp-content\/uploads\/2026\/03\/IMG_3914-1024x473.jpg 1024w, https:\/\/psychomotricite-educationsomatique.fr\/wp-content\/uploads\/2026\/03\/IMG_3914-768x355.jpg 768w, https:\/\/psychomotricite-educationsomatique.fr\/wp-content\/uploads\/2026\/03\/IMG_3914-1536x709.jpg 1536w\" sizes=\"(max-width: 1600px) 100vw, 1600px\" \/>\t\t\t\t\t\t\t\t\t\t\t\t\t\t\t<\/div>\n\t\t\t\t\t<\/div>\n\t\t\t\t<\/div>\n\t\t<div class=\"elementor-element elementor-element-8e65fab e-flex e-con-boxed wpr-particle-no wpr-jarallax-no wpr-parallax-no wpr-sticky-section-no e-con e-parent\" data-id=\"8e65fab\" data-element_type=\"container\" data-e-type=\"container\">\n\t\t\t\t\t<div class=\"e-con-inner\">\n\t\t\t\t<div class=\"elementor-element elementor-element-d80628b elementor-widget elementor-widget-testimonial\" data-id=\"d80628b\" data-element_type=\"widget\" data-e-type=\"widget\" data-widget_type=\"testimonial.default\">\n\t\t\t\t\t\t\t<div class=\"elementor-testimonial-wrapper\">\n\t\t\t\t\t\t\t<div class=\"elementor-testimonial-content\">\u00ab Une sensibilit\u00e9 et un int\u00e9r\u00eat particulier pour le mouvement et la construction de soi par le mouvement \u00bb<\/div>\n\t\t\t\n\t\t\t\t\t\t<div class=\"elementor-testimonial-meta elementor-has-image elementor-testimonial-image-position-aside\">\n\t\t\t\t<div class=\"elementor-testimonial-meta-inner\">\n\t\t\t\t\t\t\t\t\t\t\t<div class=\"elementor-testimonial-image\">\n\t\t\t\t\t\t\t<img decoding=\"async\" width=\"2000\" height=\"2000\" src=\"https:\/\/psychomotricite-educationsomatique.fr\/wp-content\/uploads\/2026\/02\/Black-White-Circle-Wildflowers-Initial-Letter-Photographer-Logo.png\" class=\"attachment-full size-full wp-image-22\" alt=\"\" srcset=\"https:\/\/psychomotricite-educationsomatique.fr\/wp-content\/uploads\/2026\/02\/Black-White-Circle-Wildflowers-Initial-Letter-Photographer-Logo.png 2000w, https:\/\/psychomotricite-educationsomatique.fr\/wp-content\/uploads\/2026\/02\/Black-White-Circle-Wildflowers-Initial-Letter-Photographer-Logo-300x300.png 300w, https:\/\/psychomotricite-educationsomatique.fr\/wp-content\/uploads\/2026\/02\/Black-White-Circle-Wildflowers-Initial-Letter-Photographer-Logo-1024x1024.png 1024w, https:\/\/psychomotricite-educationsomatique.fr\/wp-content\/uploads\/2026\/02\/Black-White-Circle-Wildflowers-Initial-Letter-Photographer-Logo-150x150.png 150w, https:\/\/psychomotricite-educationsomatique.fr\/wp-content\/uploads\/2026\/02\/Black-White-Circle-Wildflowers-Initial-Letter-Photographer-Logo-768x768.png 768w, https:\/\/psychomotricite-educationsomatique.fr\/wp-content\/uploads\/2026\/02\/Black-White-Circle-Wildflowers-Initial-Letter-Photographer-Logo-1536x1536.png 1536w\" sizes=\"(max-width: 2000px) 100vw, 2000px\" \/>\t\t\t\t\t\t<\/div>\n\t\t\t\t\t\n\t\t\t\t\t\t\t\t\t\t<div class=\"elementor-testimonial-details\">\n\t\t\t\t\t\t\t\t\t\t\t\t\t\t<div class=\"elementor-testimonial-name\">Claire Jounin<\/div>\n\t\t\t\t\t\t\t\t\t\t\t\t\t\t\t\t\t\t\t\t\t\t<div class=\"elementor-testimonial-job\">Psychomotricit\u00e9 - \u00c9ducation somatique<\/div>\n\t\t\t\t\t\t\t\t\t\t\t\t\t<\/div>\n\t\t\t\t\t\t\t\t\t<\/div>\n\t\t\t<\/div>\n\t\t\t\t\t<\/div>\n\t\t\t\t\t\t<\/div>\n\t\t\t\t\t<\/div>\n\t\t\t\t<\/div>\n\t\t<div class=\"elementor-element elementor-element-33874ce e-flex e-con-boxed wpr-particle-no wpr-jarallax-no wpr-parallax-no wpr-sticky-section-no e-con e-parent\" data-id=\"33874ce\" data-element_type=\"container\" data-e-type=\"container\">\n\t\t\t\t\t<div class=\"e-con-inner\">\n\t\t\t\t<div class=\"elementor-element elementor-element-4b34d04 elementor-widget-divider--view-line elementor-widget elementor-widget-divider\" data-id=\"4b34d04\" data-element_type=\"widget\" data-e-type=\"widget\" data-widget_type=\"divider.default\">\n\t\t\t\t\t\t\t<div class=\"elementor-divider\">\n\t\t\t<span class=\"elementor-divider-separator\">\n\t\t\t\t\t\t<\/span>\n\t\t<\/div>\n\t\t\t\t\t\t<\/div>\n\t\t\t\t<div class=\"elementor-element elementor-element-1426a5d elementor-widget elementor-widget-heading\" data-id=\"1426a5d\" data-element_type=\"widget\" data-e-type=\"widget\" data-widget_type=\"heading.default\">\n\t\t\t\t\t<h2 class=\"elementor-heading-title elementor-size-default\">O\u00f9 me trouver ? \n<\/h2>\t\t\t\t<\/div>\n\t\t\t\t<div class=\"elementor-element elementor-element-f79f385 elementor-widget__width-initial elementor-widget elementor-widget-text-editor\" data-id=\"f79f385\" data-element_type=\"widget\" data-e-type=\"widget\" data-widget_type=\"text-editor.default\">\n\t\t\t\t\t\t\t\t\t<p>Cabinet de psychomotricit\u00e9 et \u00e9ducation somatique<\/p>\n<p>89, chemin du Mouret &#8211; <span style=\"font-style: inherit; font-weight: inherit;\">84 160 Cadenet<\/span><\/p>\n<p>Prise de rendez-vous\u00a0 par t\u00e9l\u00e9phone\u00a006 63 38 13 49 ou par mail\u00a0: <a href=\"mailto:clairejounin@gmail.com\">clairejounin@gmail.com<\/a><\/p>\t\t\t\t\t\t\t\t<\/div>\n\t\t\t\t<div class=\"elementor-element elementor-element-e75045e elementor-widget elementor-widget-google_maps\" data-id=\"e75045e\" data-element_type=\"widget\" data-e-type=\"widget\" data-widget_type=\"google_maps.default\">\n\t\t\t\t\t\t\t<div class=\"elementor-custom-embed\">\n\t\t\t<iframe loading=\"lazy\"\n\t\t\t\t\tsrc=\"https:\/\/maps.google.com\/maps?q=89%20chemin%20du%20Mouret%2084%20160%20Cadenet&#038;t=m&#038;z=10&#038;output=embed&#038;iwloc=near\"\n\t\t\t\t\ttitle=\"89 chemin du Mouret 84 160 Cadenet\"\n\t\t\t\t\taria-label=\"89 chemin du Mouret 84 160 Cadenet\"\n\t\t\t><\/iframe>\n\t\t<\/div>\n\t\t\t\t\t\t<\/div>\n\t\t\t\t<div class=\"elementor-element elementor-element-2cb6f85 elementor-widget-divider--view-line elementor-widget elementor-widget-divider\" data-id=\"2cb6f85\" data-element_type=\"widget\" data-e-type=\"widget\" data-widget_type=\"divider.default\">\n\t\t\t\t\t\t\t<div class=\"elementor-divider\">\n\t\t\t<span class=\"elementor-divider-separator\">\n\t\t\t\t\t\t<\/span>\n\t\t<\/div>\n\t\t\t\t\t\t<\/div>\n\t\t\t\t<div class=\"elementor-element elementor-element-d80a33b elementor-widget elementor-widget-heading\" data-id=\"d80a33b\" data-element_type=\"widget\" data-e-type=\"widget\" data-widget_type=\"heading.default\">\n\t\t\t\t\t<h3 class=\"elementor-heading-title elementor-size-default\">Mes tarifs<\/h3>\t\t\t\t<\/div>\n\t\t\t\t\t<\/div>\n\t\t\t\t<\/div>\n\t\t<div class=\"elementor-element elementor-element-0caae63 e-flex e-con-boxed wpr-particle-no wpr-jarallax-no wpr-parallax-no wpr-sticky-section-no e-con e-parent\" data-id=\"0caae63\" data-element_type=\"container\" data-e-type=\"container\">\n\t\t\t\t\t<div class=\"e-con-inner\">\n\t\t<div class=\"elementor-element elementor-element-0e04eef e-con-full e-flex wpr-particle-no wpr-jarallax-no wpr-parallax-no wpr-sticky-section-no e-con e-child\" data-id=\"0e04eef\" data-element_type=\"container\" data-e-type=\"container\">\n\t\t\t\t<div class=\"elementor-element elementor-element-82d2e6b elementor-widget__width-initial elementor-widget elementor-widget-text-editor\" data-id=\"82d2e6b\" data-element_type=\"widget\" data-e-type=\"widget\" data-widget_type=\"text-editor.default\">\n\t\t\t\t\t\t\t\t\t<p><strong>Psychomotricit\u00e9\u00a0: <\/strong><\/p>\n<p>Bilan\u00a0 :\u00a0<span style=\"font-size: 1rem;\">160 euros<\/span><\/p>\n<ul>\n<li><i style=\"font-weight: inherit;\">anamn\u00e8se (30 minutes)<\/i><\/li>\n<li><i style=\"font-weight: inherit;\">premi\u00e8re partie de bilan (1 heure)\u00a0<\/i><\/li>\n<li><i style=\"font-weight: inherit;\">deuxi\u00e8me partie de bilan (1 heure)\u00a0<\/i><\/li>\n<li><i style=\"font-weight: inherit;\">entretien de restitution (30 minutes)\u00a0<\/i><\/li>\n<\/ul>\n<p>S\u00e9ance\u00a0(40 minutes)\u00a0: 45 euros<\/p>\n<p>Profil sensoriel (1 heure)\u00a0: 90 euros<\/p>\n<p><span style=\"font-weight: inherit;\"><i>Il s&rsquo;agit d&rsquo;unquestionnaire pour d\u00e9cortiquer la fa\u00e7on dont l\u2019enfant r\u00e9agit \u00e0 son univers sensoriel pour d\u00e9tecter d\u2019\u00e9ventuelles hyper ou hypo sensibilit\u00e9.<\/i><\/span><\/p>\n<p>\u00a0<\/p>\n<p>\u00a0<\/p>\t\t\t\t\t\t\t\t<\/div>\n\t\t\t\t<div class=\"elementor-element elementor-element-8d5009a elementor-widget__width-initial elementor-widget elementor-widget-text-editor\" data-id=\"8d5009a\" data-element_type=\"widget\" data-e-type=\"widget\" data-widget_type=\"text-editor.default\">\n\t\t\t\t\t\t\t\t\t<p><strong>\u00c9ducation somatique<\/strong><\/p>\n<p>S\u00e9ance d\u2019int\u00e9gration sensori-motrice et des r\u00e9flexes (1 heure) : 60 euros inspir\u00e9e des r\u00e9flexes archa\u00efques : mouvements \u00e0 la maison inspir\u00e9s des r\u00e9flexes archa\u00efques<\/p>\t\t\t\t\t\t\t\t<\/div>\n\t\t\t\t<\/div>\n\t\t<div class=\"elementor-element elementor-element-192f8de e-con-full e-flex wpr-particle-no wpr-jarallax-no wpr-parallax-no wpr-sticky-section-no e-con e-child\" data-id=\"192f8de\" data-element_type=\"container\" data-e-type=\"container\">\n\t\t\t\t<div class=\"elementor-element elementor-element-502a0f2 elementor-widget elementor-widget-image\" data-id=\"502a0f2\" data-element_type=\"widget\" data-e-type=\"widget\" data-widget_type=\"image.default\">\n\t\t\t\t\t\t\t\t\t\t\t\t\t\t\t<img decoding=\"async\" width=\"473\" height=\"1024\" src=\"https:\/\/psychomotricite-educationsomatique.fr\/wp-content\/uploads\/2026\/03\/PHOTO-2026-03-15-17-47-06-473x1024.jpg\" class=\"attachment-large size-large wp-image-103\" alt=\"\" srcset=\"https:\/\/psychomotricite-educationsomatique.fr\/wp-content\/uploads\/2026\/03\/PHOTO-2026-03-15-17-47-06-473x1024.jpg 473w, https:\/\/psychomotricite-educationsomatique.fr\/wp-content\/uploads\/2026\/03\/PHOTO-2026-03-15-17-47-06-139x300.jpg 139w, https:\/\/psychomotricite-educationsomatique.fr\/wp-content\/uploads\/2026\/03\/PHOTO-2026-03-15-17-47-06-709x1536.jpg 709w, https:\/\/psychomotricite-educationsomatique.fr\/wp-content\/uploads\/2026\/03\/PHOTO-2026-03-15-17-47-06.jpg 739w\" sizes=\"(max-width: 473px) 100vw, 473px\" \/>\t\t\t\t\t\t\t\t\t\t\t\t\t\t\t<\/div>\n\t\t\t\t<\/div>\n\t\t\t\t\t<\/div>\n\t\t\t\t<\/div>\n\t\t<div class=\"elementor-element elementor-element-b5f9a69 e-flex e-con-boxed wpr-particle-no wpr-jarallax-no wpr-parallax-no wpr-sticky-section-no e-con e-parent\" data-id=\"b5f9a69\" data-element_type=\"container\" data-e-type=\"container\">\n\t\t\t\t\t<div class=\"e-con-inner\">\n\t\t\t\t<div class=\"elementor-element elementor-element-058c7a7 elementor-widget-divider--view-line elementor-widget elementor-widget-divider\" data-id=\"058c7a7\" data-element_type=\"widget\" data-e-type=\"widget\" data-widget_type=\"divider.default\">\n\t\t\t\t\t\t\t<div class=\"elementor-divider\">\n\t\t\t<span class=\"elementor-divider-separator\">\n\t\t\t\t\t\t<\/span>\n\t\t<\/div>\n\t\t\t\t\t\t<\/div>\n\t\t\t\t\t<\/div>\n\t\t\t\t<\/div>\n\t\t<div class=\"elementor-element elementor-element-dda3530 e-flex e-con-boxed wpr-particle-no wpr-jarallax-no wpr-parallax-no wpr-sticky-section-no e-con e-parent\" data-id=\"dda3530\" data-element_type=\"container\" data-e-type=\"container\">\n\t\t\t\t\t<div class=\"e-con-inner\">\n\t\t\t\t<div class=\"elementor-element elementor-element-5ec75fc elementor-align-center elementor-widget elementor-widget-button\" data-id=\"5ec75fc\" data-element_type=\"widget\" data-e-type=\"widget\" data-widget_type=\"button.default\">\n\t\t\t\t\t\t\t\t\t\t<a class=\"elementor-button elementor-button-link elementor-size-sm\" href=\"#\">\n\t\t\t\t\t\t<span class=\"elementor-button-content-wrapper\">\n\t\t\t\t\t\t\t\t\t<span class=\"elementor-button-text\">Tarifs et informations pratiques<\/span>\n\t\t\t\t\t<\/span>\n\t\t\t\t\t<\/a>\n\t\t\t\t\t\t\t\t<\/div>\n\t\t\t\t<div class=\"elementor-element elementor-element-731fca7 elementor-widget-divider--view-line elementor-widget elementor-widget-divider\" data-id=\"731fca7\" data-element_type=\"widget\" data-e-type=\"widget\" data-widget_type=\"divider.default\">\n\t\t\t\t\t\t\t<div class=\"elementor-divider\">\n\t\t\t<span class=\"elementor-divider-separator\">\n\t\t\t\t\t\t<\/span>\n\t\t<\/div>\n\t\t\t\t\t\t<\/div>\n\t\t\t\t\t<\/div>\n\t\t\t\t<\/div>\n\t\t\t\t<\/div>\n\t\t","protected":false},"excerpt":{"rendered":"<p>\u00ab Une sensibilit\u00e9 et un int\u00e9r\u00eat particulier pour le mouvement et la construction de soi par le mouvement \u00bb Claire Jounin Psychomotricit\u00e9 &#8211; \u00c9ducation somatique O\u00f9 me trouver ? Cabinet de psychomotricit\u00e9 et \u00e9ducation somatique 89, chemin du Mouret &#8211; 84 160 Cadenet Prise de rendez-vous\u00a0 par t\u00e9l\u00e9phone\u00a006 63 38 13 49 ou par mail\u00a0: clairejounin@gmail.com Mes tarifs Psychomotricit\u00e9\u00a0: Bilan\u00a0 :\u00a0160 euros anamn\u00e8se (30 minutes) premi\u00e8re partie de bilan (1 heure)\u00a0 deuxi\u00e8me partie de bilan (1 heure)\u00a0 entretien de restitution (30 minutes)\u00a0 S\u00e9ance\u00a0(40 minutes)\u00a0: 45 euros Profil sensoriel (1 heure)\u00a0: 90 euros Il s&rsquo;agit d&rsquo;unquestionnaire pour d\u00e9cortiquer la fa\u00e7on dont l\u2019enfant r\u00e9agit \u00e0 son univers sensoriel pour d\u00e9tecter d\u2019\u00e9ventuelles hyper ou hypo sensibilit\u00e9. \u00a0 \u00a0 \u00c9ducation somatique S\u00e9ance d\u2019int\u00e9gration sensori-motrice et des r\u00e9flexes (1 heure) : 60 euros inspir\u00e9e des r\u00e9flexes archa\u00efques : mouvements \u00e0 la maison inspir\u00e9s des r\u00e9flexes archa\u00efques Tarifs et informations pratiques<\/p>\n","protected":false},"author":1,"featured_media":0,"parent":0,"menu_order":0,"comment_status":"closed","ping_status":"closed","template":"elementor_canvas","meta":{"site-sidebar-layout":"no-sidebar","site-content-layout":"","ast-site-content-layout":"full-width-container","site-content-style":"default","site-sidebar-style":"default","ast-global-header-display":"","ast-banner-title-visibility":"","ast-main-header-display":"","ast-hfb-above-header-display":"","ast-hfb-below-header-display":"","ast-hfb-mobile-header-display":"","site-post-title":"","ast-breadcrumbs-content":"","ast-featured-img":"disabled","footer-sml-layout":"","ast-disable-related-posts":"","theme-transparent-header-meta":"","adv-header-id-meta":"","stick-header-meta":"","header-above-stick-meta":"","header-main-stick-meta":"","header-below-stick-meta":"","astra-migrate-meta-layouts":"default","ast-page-background-enabled":"default","ast-page-background-meta":{"desktop":{"background-color":"var(--ast-global-color-5)","background-image":"","background-repeat":"repeat","background-position":"center center","background-size":"auto","background-attachment":"scroll","background-type":"","background-media":"","overlay-type":"","overlay-color":"","overlay-opacity":"","overlay-gradient":""},"tablet":{"background-color":"","background-image":"","background-repeat":"repeat","background-position":"center center","background-size":"auto","background-attachment":"scroll","background-type":"","background-media":"","overlay-type":"","overlay-color":"","overlay-opacity":"","overlay-gradient":""},"mobile":{"background-color":"","background-image":"","background-repeat":"repeat","background-position":"center center","background-size":"auto","background-attachment":"scroll","background-type":"","background-media":"","overlay-type":"","overlay-color":"","overlay-opacity":"","overlay-gradient":""}},"ast-content-background-meta":{"desktop":{"background-color":"var(--ast-global-color-4)","background-image":"","background-repeat":"repeat","background-position":"center center","background-size":"auto","background-attachment":"scroll","background-type":"","background-media":"","overlay-type":"","overlay-color":"","overlay-opacity":"","overlay-gradient":""},"tablet":{"background-color":"var(--ast-global-color-4)","background-image":"","background-repeat":"repeat","background-position":"center center","background-size":"auto","background-attachment":"scroll","background-type":"","background-media":"","overlay-type":"","overlay-color":"","overlay-opacity":"","overlay-gradient":""},"mobile":{"background-color":"var(--ast-global-color-4)","background-image":"","background-repeat":"repeat","background-position":"center center","background-size":"auto","background-attachment":"scroll","background-type":"","background-media":"","overlay-type":"","overlay-color":"","overlay-opacity":"","overlay-gradient":""}},"footnotes":""},"class_list":["post-139","page","type-page","status-publish","hentry"],"_links":{"self":[{"href":"https:\/\/psychomotricite-educationsomatique.fr\/index.php\/wp-json\/wp\/v2\/pages\/139","targetHints":{"allow":["GET"]}}],"collection":[{"href":"https:\/\/psychomotricite-educationsomatique.fr\/index.php\/wp-json\/wp\/v2\/pages"}],"about":[{"href":"https:\/\/psychomotricite-educationsomatique.fr\/index.php\/wp-json\/wp\/v2\/types\/page"}],"author":[{"embeddable":true,"href":"https:\/\/psychomotricite-educationsomatique.fr\/index.php\/wp-json\/wp\/v2\/users\/1"}],"replies":[{"embeddable":true,"href":"https:\/\/psychomotricite-educationsomatique.fr\/index.php\/wp-json\/wp\/v2\/comments?post=139"}],"version-history":[{"count":7,"href":"https:\/\/psychomotricite-educationsomatique.fr\/index.php\/wp-json\/wp\/v2\/pages\/139\/revisions"}],"predecessor-version":[{"id":151,"href":"https:\/\/psychomotricite-educationsomatique.fr\/index.php\/wp-json\/wp\/v2\/pages\/139\/revisions\/151"}],"wp:attachment":[{"href":"https:\/\/psychomotricite-educationsomatique.fr\/index.php\/wp-json\/wp\/v2\/media?parent=139"}],"curies":[{"name":"wp","href":"https:\/\/api.w.org\/{rel}","templated":true}]}}