{"id":112,"date":"2026-04-03T16:12:38","date_gmt":"2026-04-03T16:12:38","guid":{"rendered":"https:\/\/psychomotricite-educationsomatique.fr\/?page_id=112"},"modified":"2026-04-07T08:53:09","modified_gmt":"2026-04-07T08:53:09","slug":"seances-de-psychomotricite-copy","status":"publish","type":"page","link":"https:\/\/psychomotricite-educationsomatique.fr\/index.php\/seances-de-psychomotricite-copy\/","title":{"rendered":"\u00c9ducation somatique"},"content":{"rendered":"\t\t<div data-elementor-type=\"wp-page\" data-elementor-id=\"112\" class=\"elementor elementor-112\">\n\t\t\t\t<div class=\"elementor-element elementor-element-33874ce e-flex e-con-boxed wpr-particle-no wpr-jarallax-no wpr-parallax-no wpr-sticky-section-no e-con e-parent\" data-id=\"33874ce\" data-element_type=\"container\" data-e-type=\"container\">\n\t\t\t\t\t<div class=\"e-con-inner\">\n\t\t\t\t<div class=\"elementor-element elementor-element-4b34d04 elementor-widget-divider--view-line elementor-widget elementor-widget-divider\" data-id=\"4b34d04\" data-element_type=\"widget\" data-e-type=\"widget\" data-widget_type=\"divider.default\">\n\t\t\t\t\t\t\t<div class=\"elementor-divider\">\n\t\t\t<span class=\"elementor-divider-separator\">\n\t\t\t\t\t\t<\/span>\n\t\t<\/div>\n\t\t\t\t\t\t<\/div>\n\t\t\t\t<div class=\"elementor-element elementor-element-1426a5d elementor-widget elementor-widget-heading\" data-id=\"1426a5d\" data-element_type=\"widget\" data-e-type=\"widget\" data-widget_type=\"heading.default\">\n\t\t\t\t\t<h2 class=\"elementor-heading-title elementor-size-default\">\u00c9ducation somatique \u00ab Mieux habiter son corps \u00bb\n<\/h2>\t\t\t\t<\/div>\n\t\t\t\t<div class=\"elementor-element elementor-element-f79f385 elementor-widget__width-initial elementor-widget elementor-widget-text-editor\" data-id=\"f79f385\" data-element_type=\"widget\" data-e-type=\"widget\" data-widget_type=\"text-editor.default\">\n\t\t\t\t\t\t\t\t\t<p>L&rsquo;\u00e9ducation somatique signifie\u00a0l&rsquo;apprentissage de la conscience du corps vivant en mouvement. Je propose un accompagnement individuel dans mon cabinet, ou un accompagnement en groupe.<\/p>\t\t\t\t\t\t\t\t<\/div>\n\t\t\t\t<div class=\"elementor-element elementor-element-abb6353 elementor-widget__width-initial elementor-widget elementor-widget-text-editor\" data-id=\"abb6353\" data-element_type=\"widget\" data-e-type=\"widget\" data-widget_type=\"text-editor.default\">\n\t\t\t\t\t\t\t\t\t<p>J&rsquo;utilise l&rsquo;approche du Body Mind Centering (BMC) qui consiste \u00e0 r\u00e9veiller les diff\u00e9rents syst\u00e8mes du corps (muscles, os, peau, glandes, liquides, syst\u00e8me nerveux) pour mieux les int\u00e9grer.<\/p>\t\t\t\t\t\t\t\t<\/div>\n\t\t\t\t<div class=\"elementor-element elementor-element-63faa77 elementor-widget elementor-widget-button\" data-id=\"63faa77\" data-element_type=\"widget\" data-e-type=\"widget\" data-widget_type=\"button.default\">\n\t\t\t\t\t\t\t\t\t\t<a class=\"elementor-button elementor-button-link elementor-size-sm\" href=\"https:\/\/www.soma-france.org\/%20\">\n\t\t\t\t\t\t<span class=\"elementor-button-content-wrapper\">\n\t\t\t\t\t\t\t\t\t<span class=\"elementor-button-text\">En savoir plus sur le Body Mind Centering<\/span>\n\t\t\t\t\t<\/span>\n\t\t\t\t\t<\/a>\n\t\t\t\t\t\t\t\t<\/div>\n\t\t\t\t\t<\/div>\n\t\t\t\t<\/div>\n\t\t<div class=\"elementor-element elementor-element-0caae63 e-flex e-con-boxed wpr-particle-no wpr-jarallax-no wpr-parallax-no wpr-sticky-section-no e-con e-parent\" data-id=\"0caae63\" data-element_type=\"container\" data-e-type=\"container\">\n\t\t\t\t\t<div class=\"e-con-inner\">\n\t\t<div class=\"elementor-element elementor-element-0e04eef e-con-full e-flex wpr-particle-no wpr-jarallax-no wpr-parallax-no wpr-sticky-section-no e-con e-child\" data-id=\"0e04eef\" data-element_type=\"container\" data-e-type=\"container\">\n\t\t\t\t<div class=\"elementor-element elementor-element-d80a33b elementor-widget elementor-widget-heading\" data-id=\"d80a33b\" data-element_type=\"widget\" data-e-type=\"widget\" data-widget_type=\"heading.default\">\n\t\t\t\t\t<h3 class=\"elementor-heading-title elementor-size-default\">S\u00e9ances individuelles d\u2019accompagnement somatique <\/h3>\t\t\t\t<\/div>\n\t\t\t\t<div class=\"elementor-element elementor-element-82d2e6b elementor-widget__width-initial elementor-widget elementor-widget-text-editor\" data-id=\"82d2e6b\" data-element_type=\"widget\" data-e-type=\"widget\" data-widget_type=\"text-editor.default\">\n\t\t\t\t\t\t\t\t\t<p>Cet accompagnement s\u2019adresse \u00e0 toute personne qui souhaite se remettre en lien avec son corps et ses sensations, par le mouvement dans ses trois dimensions :\u00a0volume, mati\u00e8re, densit\u00e9.<\/p><p>Chaque personne est consid\u00e9r\u00e9e dans son int\u00e9gralit\u00e9. Les dimensions corporelles, \u00e9motionnelles, mentales et relationnelles sont prises en compte. Elles fonctionnent en coop\u00e9ration.<\/p><p>La s\u00e9ance d\u00e9bute par un \u00e9change sur vos motivations et vos besoins.<\/p><p>Durant le soin\u00a0: je r\u00e9alise des touchers qui vont guider le soin\u00a0: toucher, et du mouvement.<\/p><p>J&rsquo;utilise l&rsquo;approche du Body Mind Centering (BMC) qui consiste \u00e0 r\u00e9veiller les diff\u00e9rents syst\u00e8mes du corps (muscles, os, peau, glandes, liquides, syst\u00e8me nerveux) pour mieux les int\u00e9grer.<\/p><p>.<\/p>\t\t\t\t\t\t\t\t<\/div>\n\t\t\t\t<\/div>\n\t\t<div class=\"elementor-element elementor-element-192f8de e-con-full e-flex wpr-particle-no wpr-jarallax-no wpr-parallax-no wpr-sticky-section-no e-con e-child\" data-id=\"192f8de\" data-element_type=\"container\" data-e-type=\"container\">\n\t\t\t\t<div class=\"elementor-element elementor-element-502a0f2 elementor-widget elementor-widget-image\" data-id=\"502a0f2\" data-element_type=\"widget\" data-e-type=\"widget\" data-widget_type=\"image.default\">\n\t\t\t\t\t\t\t\t\t\t\t\t\t\t\t<img fetchpriority=\"high\" decoding=\"async\" width=\"560\" height=\"1024\" src=\"https:\/\/psychomotricite-educationsomatique.fr\/wp-content\/uploads\/2026\/04\/PHOTO-2026-03-15-17-57-56-560x1024.jpg\" class=\"attachment-large size-large wp-image-116\" alt=\"\" srcset=\"https:\/\/psychomotricite-educationsomatique.fr\/wp-content\/uploads\/2026\/04\/PHOTO-2026-03-15-17-57-56-560x1024.jpg 560w, https:\/\/psychomotricite-educationsomatique.fr\/wp-content\/uploads\/2026\/04\/PHOTO-2026-03-15-17-57-56-164x300.jpg 164w, https:\/\/psychomotricite-educationsomatique.fr\/wp-content\/uploads\/2026\/04\/PHOTO-2026-03-15-17-57-56.jpg 739w\" sizes=\"(max-width: 560px) 100vw, 560px\" \/>\t\t\t\t\t\t\t\t\t\t\t\t\t\t\t<\/div>\n\t\t\t\t<\/div>\n\t\t\t\t\t<\/div>\n\t\t\t\t<\/div>\n\t\t<div class=\"elementor-element elementor-element-473ba80 e-flex e-con-boxed wpr-particle-no wpr-jarallax-no wpr-parallax-no wpr-sticky-section-no e-con e-parent\" data-id=\"473ba80\" data-element_type=\"container\" data-e-type=\"container\">\n\t\t\t\t\t<div class=\"e-con-inner\">\n\t\t<div class=\"elementor-element elementor-element-2d1b4da e-con-full e-flex wpr-particle-no wpr-jarallax-no wpr-parallax-no wpr-sticky-section-no e-con e-child\" data-id=\"2d1b4da\" data-element_type=\"container\" data-e-type=\"container\">\n\t\t\t\t<div class=\"elementor-element elementor-element-ff80f0d elementor-widget elementor-widget-text-editor\" data-id=\"ff80f0d\" data-element_type=\"widget\" data-e-type=\"widget\" data-widget_type=\"text-editor.default\">\n\t\t\t\t\t\t\t\t\t<p>Lors de ces ateliers, il s&rsquo;agit de :<\/p><ul><li>Se mettre en lien avec ses ressentis<\/li><li>Explorer les syst\u00e8mes du corps (muscles, organes, peau, syst\u00e8me nerveurx\u2026)<\/li><li>toucher et se laisser toucher,<\/li><li>se mettre en mouvement, habiter son corps,<\/li><li>laisser vivre son imaginaire en lien avec chaque syst\u00e8me du corps,<\/li><li>laisser \u00e9merger les images li\u00e9es au toucher des diff\u00e9rents syst\u00e8mes<\/li><\/ul><p>Atelier de 2h30.<\/p><p>Contactez-moi pour plus d\u2019information.<\/p>\t\t\t\t\t\t\t\t<\/div>\n\t\t\t\t<\/div>\n\t\t\t\t\t<\/div>\n\t\t\t\t<\/div>\n\t\t<div class=\"elementor-element elementor-element-2633ad5 e-flex e-con-boxed wpr-particle-no wpr-jarallax-no wpr-parallax-no wpr-sticky-section-no e-con e-parent\" data-id=\"2633ad5\" data-element_type=\"container\" data-e-type=\"container\">\n\t\t\t\t\t<div class=\"e-con-inner\">\n\t\t\t\t\t<\/div>\n\t\t\t\t<\/div>\n\t\t<div class=\"elementor-element elementor-element-481bc87 e-flex e-con-boxed wpr-particle-no wpr-jarallax-no wpr-parallax-no wpr-sticky-section-no e-con e-parent\" data-id=\"481bc87\" data-element_type=\"container\" data-e-type=\"container\">\n\t\t\t\t\t<div class=\"e-con-inner\">\n\t\t<div class=\"elementor-element elementor-element-faa5f8a e-con-full e-flex wpr-particle-no wpr-jarallax-no wpr-parallax-no wpr-sticky-section-no e-con e-child\" data-id=\"faa5f8a\" data-element_type=\"container\" data-e-type=\"container\">\n\t\t\t\t<\/div>\n\t\t<div class=\"elementor-element elementor-element-7166f6e e-con-full e-flex wpr-particle-no wpr-jarallax-no wpr-parallax-no wpr-sticky-section-no e-con e-child\" data-id=\"7166f6e\" data-element_type=\"container\" data-e-type=\"container\">\n\t\t\t\t<div class=\"elementor-element elementor-element-a7b6c3b elementor-align-center elementor-widget elementor-widget-button\" data-id=\"a7b6c3b\" data-element_type=\"widget\" data-e-type=\"widget\" data-widget_type=\"button.default\">\n\t\t\t\t\t\t\t\t\t\t<a class=\"elementor-button elementor-button-link elementor-size-sm\" href=\"#\">\n\t\t\t\t\t\t<span class=\"elementor-button-content-wrapper\">\n\t\t\t\t\t\t\t\t\t<span class=\"elementor-button-text\">En savoir plus sur le r\u00e9seau plateforme coordination orientation<\/span>\n\t\t\t\t\t<\/span>\n\t\t\t\t\t<\/a>\n\t\t\t\t\t\t\t\t<\/div>\n\t\t\t\t<div class=\"elementor-element elementor-element-ddf9f36 elementor-widget elementor-widget-text-editor\" data-id=\"ddf9f36\" data-element_type=\"widget\" data-e-type=\"widget\" data-widget_type=\"text-editor.default\">\n\t\t\t\t\t\t\t\t\t<p>Lorem ipsum dolor sit amet, consectetur adipiscing elit. Ut elit tellus, luctus nec ullamcorper mattis, pulvinar dapibus leo.<\/p>\t\t\t\t\t\t\t\t<\/div>\n\t\t\t\t<div class=\"elementor-element elementor-element-4b57f33 elementor-widget elementor-widget-image\" data-id=\"4b57f33\" data-element_type=\"widget\" data-e-type=\"widget\" data-widget_type=\"image.default\">\n\t\t\t\t\t\t\t\t\t\t\t\t\t\t\t<img decoding=\"async\" width=\"473\" height=\"1024\" src=\"https:\/\/psychomotricite-educationsomatique.fr\/wp-content\/uploads\/2026\/03\/PHOTO-2026-03-15-19-33-15-473x1024.jpg\" class=\"attachment-large size-large wp-image-102\" alt=\"\" srcset=\"https:\/\/psychomotricite-educationsomatique.fr\/wp-content\/uploads\/2026\/03\/PHOTO-2026-03-15-19-33-15-473x1024.jpg 473w, https:\/\/psychomotricite-educationsomatique.fr\/wp-content\/uploads\/2026\/03\/PHOTO-2026-03-15-19-33-15-709x1536.jpg 709w\" sizes=\"(max-width: 473px) 100vw, 473px\" \/>\t\t\t\t\t\t\t\t\t\t\t\t\t\t\t<\/div>\n\t\t\t\t<\/div>\n\t\t<div class=\"elementor-element elementor-element-945bfd0 e-con-full e-flex wpr-particle-no wpr-jarallax-no wpr-parallax-no wpr-sticky-section-no e-con e-child\" data-id=\"945bfd0\" data-element_type=\"container\" data-e-type=\"container\">\n\t\t\t\t<\/div>\n\t\t<div class=\"elementor-element elementor-element-0403eeb e-con-full e-flex wpr-particle-no wpr-jarallax-no wpr-parallax-no wpr-sticky-section-no e-con e-child\" data-id=\"0403eeb\" data-element_type=\"container\" data-e-type=\"container\">\n\t\t\t\t<\/div>\n\t\t\t\t\t<\/div>\n\t\t\t\t<\/div>\n\t\t<div class=\"elementor-element elementor-element-b5f9a69 e-flex e-con-boxed wpr-particle-no wpr-jarallax-no wpr-parallax-no wpr-sticky-section-no e-con e-parent\" data-id=\"b5f9a69\" data-element_type=\"container\" data-e-type=\"container\">\n\t\t\t\t\t<div class=\"e-con-inner\">\n\t\t\t\t<div class=\"elementor-element elementor-element-058c7a7 elementor-widget-divider--view-line elementor-widget elementor-widget-divider\" data-id=\"058c7a7\" data-element_type=\"widget\" data-e-type=\"widget\" data-widget_type=\"divider.default\">\n\t\t\t\t\t\t\t<div class=\"elementor-divider\">\n\t\t\t<span class=\"elementor-divider-separator\">\n\t\t\t\t\t\t<\/span>\n\t\t<\/div>\n\t\t\t\t\t\t<\/div>\n\t\t\t\t\t<\/div>\n\t\t\t\t<\/div>\n\t\t<div class=\"elementor-element elementor-element-dda3530 e-flex e-con-boxed wpr-particle-no wpr-jarallax-no wpr-parallax-no wpr-sticky-section-no e-con e-parent\" data-id=\"dda3530\" data-element_type=\"container\" data-e-type=\"container\">\n\t\t\t\t\t<div class=\"e-con-inner\">\n\t\t\t\t<div class=\"elementor-element elementor-element-5ec75fc elementor-align-center elementor-widget elementor-widget-button\" data-id=\"5ec75fc\" data-element_type=\"widget\" data-e-type=\"widget\" data-widget_type=\"button.default\">\n\t\t\t\t\t\t\t\t\t\t<a class=\"elementor-button elementor-button-link elementor-size-sm\" href=\"#\">\n\t\t\t\t\t\t<span class=\"elementor-button-content-wrapper\">\n\t\t\t\t\t\t\t\t\t<span class=\"elementor-button-text\">Tarifs et informations pratiques<\/span>\n\t\t\t\t\t<\/span>\n\t\t\t\t\t<\/a>\n\t\t\t\t\t\t\t\t<\/div>\n\t\t\t\t<div class=\"elementor-element elementor-element-731fca7 elementor-widget-divider--view-line elementor-widget elementor-widget-divider\" data-id=\"731fca7\" data-element_type=\"widget\" data-e-type=\"widget\" data-widget_type=\"divider.default\">\n\t\t\t\t\t\t\t<div class=\"elementor-divider\">\n\t\t\t<span class=\"elementor-divider-separator\">\n\t\t\t\t\t\t<\/span>\n\t\t<\/div>\n\t\t\t\t\t\t<\/div>\n\t\t\t\t<div class=\"elementor-element elementor-element-d8d7377 elementor-widget elementor-widget-heading\" data-id=\"d8d7377\" data-element_type=\"widget\" data-e-type=\"widget\" data-widget_type=\"heading.default\">\n\t\t\t\t\t<h2 class=\"elementor-heading-title elementor-size-default\"><span style=\"font-size: 1.875rem\">\u00c9ducation somatique<\/span><\/h2>\t\t\t\t<\/div>\n\t\t\t\t\t<\/div>\n\t\t\t\t<\/div>\n\t\t<div class=\"elementor-element elementor-element-db80537 e-flex e-con-boxed wpr-particle-no wpr-jarallax-no wpr-parallax-no wpr-sticky-section-no e-con e-parent\" data-id=\"db80537\" data-element_type=\"container\" data-e-type=\"container\">\n\t\t\t\t\t<div class=\"e-con-inner\">\n\t\t\t\t\t<\/div>\n\t\t\t\t<\/div>\n\t\t\t\t<\/div>\n\t\t","protected":false},"excerpt":{"rendered":"<p>\u00c9ducation somatique \u00ab Mieux habiter son corps \u00bb L&rsquo;\u00e9ducation somatique signifie\u00a0l&rsquo;apprentissage de la conscience du corps vivant en mouvement. Je propose un accompagnement individuel dans mon cabinet, ou un accompagnement en groupe. J&rsquo;utilise l&rsquo;approche du Body Mind Centering (BMC) qui consiste \u00e0 r\u00e9veiller les diff\u00e9rents syst\u00e8mes du corps (muscles, os, peau, glandes, liquides, syst\u00e8me nerveux) pour mieux les int\u00e9grer. En savoir plus sur le Body Mind Centering S\u00e9ances individuelles d\u2019accompagnement somatique Cet accompagnement s\u2019adresse \u00e0 toute personne qui souhaite se remettre en lien avec son corps et ses sensations, par le mouvement dans ses trois dimensions :\u00a0volume, mati\u00e8re, densit\u00e9. Chaque personne est consid\u00e9r\u00e9e dans son int\u00e9gralit\u00e9. Les dimensions corporelles, \u00e9motionnelles, mentales et relationnelles sont prises en compte. Elles fonctionnent en coop\u00e9ration. La s\u00e9ance d\u00e9bute par un \u00e9change sur vos motivations et vos besoins. Durant le soin\u00a0: je r\u00e9alise des touchers qui vont guider le soin\u00a0: toucher, et du mouvement. J&rsquo;utilise l&rsquo;approche du Body Mind Centering (BMC) qui consiste \u00e0 r\u00e9veiller les diff\u00e9rents syst\u00e8mes du corps (muscles, os, peau, glandes, liquides, syst\u00e8me nerveux) pour mieux les int\u00e9grer. . Lors de ces ateliers, il s&rsquo;agit de : Se mettre en lien avec ses ressentis Explorer les syst\u00e8mes du corps (muscles, organes, peau, syst\u00e8me nerveurx\u2026) toucher et se laisser toucher, se mettre en mouvement, habiter son corps, laisser vivre son imaginaire en lien avec chaque syst\u00e8me du corps, laisser \u00e9merger les images li\u00e9es au toucher des diff\u00e9rents syst\u00e8mes Atelier de 2h30. Contactez-moi pour plus d\u2019information. En savoir plus sur le r\u00e9seau plateforme coordination orientation Lorem ipsum dolor sit amet, consectetur adipiscing elit. Ut elit tellus, luctus nec ullamcorper mattis, pulvinar dapibus leo. Tarifs et informations pratiques \u00c9ducation somatique<\/p>\n","protected":false},"author":1,"featured_media":0,"parent":0,"menu_order":0,"comment_status":"closed","ping_status":"closed","template":"elementor_canvas","meta":{"site-sidebar-layout":"no-sidebar","site-content-layout":"","ast-site-content-layout":"full-width-container","site-content-style":"default","site-sidebar-style":"default","ast-global-header-display":"","ast-banner-title-visibility":"","ast-main-header-display":"","ast-hfb-above-header-display":"","ast-hfb-below-header-display":"","ast-hfb-mobile-header-display":"","site-post-title":"","ast-breadcrumbs-content":"","ast-featured-img":"disabled","footer-sml-layout":"","ast-disable-related-posts":"","theme-transparent-header-meta":"","adv-header-id-meta":"","stick-header-meta":"","header-above-stick-meta":"","header-main-stick-meta":"","header-below-stick-meta":"","astra-migrate-meta-layouts":"default","ast-page-background-enabled":"default","ast-page-background-meta":{"desktop":{"background-color":"var(--ast-global-color-5)","background-image":"","background-repeat":"repeat","background-position":"center center","background-size":"auto","background-attachment":"scroll","background-type":"","background-media":"","overlay-type":"","overlay-color":"","overlay-opacity":"","overlay-gradient":""},"tablet":{"background-color":"","background-image":"","background-repeat":"repeat","background-position":"center center","background-size":"auto","background-attachment":"scroll","background-type":"","background-media":"","overlay-type":"","overlay-color":"","overlay-opacity":"","overlay-gradient":""},"mobile":{"background-color":"","background-image":"","background-repeat":"repeat","background-position":"center center","background-size":"auto","background-attachment":"scroll","background-type":"","background-media":"","overlay-type":"","overlay-color":"","overlay-opacity":"","overlay-gradient":""}},"ast-content-background-meta":{"desktop":{"background-color":"var(--ast-global-color-4)","background-image":"","background-repeat":"repeat","background-position":"center center","background-size":"auto","background-attachment":"scroll","background-type":"","background-media":"","overlay-type":"","overlay-color":"","overlay-opacity":"","overlay-gradient":""},"tablet":{"background-color":"var(--ast-global-color-4)","background-image":"","background-repeat":"repeat","background-position":"center center","background-size":"auto","background-attachment":"scroll","background-type":"","background-media":"","overlay-type":"","overlay-color":"","overlay-opacity":"","overlay-gradient":""},"mobile":{"background-color":"var(--ast-global-color-4)","background-image":"","background-repeat":"repeat","background-position":"center center","background-size":"auto","background-attachment":"scroll","background-type":"","background-media":"","overlay-type":"","overlay-color":"","overlay-opacity":"","overlay-gradient":""}},"footnotes":""},"class_list":["post-112","page","type-page","status-publish","hentry"],"_links":{"self":[{"href":"https:\/\/psychomotricite-educationsomatique.fr\/index.php\/wp-json\/wp\/v2\/pages\/112","targetHints":{"allow":["GET"]}}],"collection":[{"href":"https:\/\/psychomotricite-educationsomatique.fr\/index.php\/wp-json\/wp\/v2\/pages"}],"about":[{"href":"https:\/\/psychomotricite-educationsomatique.fr\/index.php\/wp-json\/wp\/v2\/types\/page"}],"author":[{"embeddable":true,"href":"https:\/\/psychomotricite-educationsomatique.fr\/index.php\/wp-json\/wp\/v2\/users\/1"}],"replies":[{"embeddable":true,"href":"https:\/\/psychomotricite-educationsomatique.fr\/index.php\/wp-json\/wp\/v2\/comments?post=112"}],"version-history":[{"count":10,"href":"https:\/\/psychomotricite-educationsomatique.fr\/index.php\/wp-json\/wp\/v2\/pages\/112\/revisions"}],"predecessor-version":[{"id":124,"href":"https:\/\/psychomotricite-educationsomatique.fr\/index.php\/wp-json\/wp\/v2\/pages\/112\/revisions\/124"}],"wp:attachment":[{"href":"https:\/\/psychomotricite-educationsomatique.fr\/index.php\/wp-json\/wp\/v2\/media?parent=112"}],"curies":[{"name":"wp","href":"https:\/\/api.w.org\/{rel}","templated":true}]}}